{"id":2891,"date":"2024-03-03T17:12:59","date_gmt":"2024-03-03T17:12:59","guid":{"rendered":"https:\/\/www.vidalco.nl\/nachhaltigkeit\/"},"modified":"2024-03-08T03:41:55","modified_gmt":"2024-03-08T03:41:55","slug":"nachhaltigkeit-bei-vidalco","status":"publish","type":"page","link":"https:\/\/www.vidalco.nl\/de\/nachhaltigkeit-bei-vidalco\/","title":{"rendered":"Nachhaltigkeit bei Vidalco"},"content":{"rendered":"\n<section class=\"hero lazyload\" \n        style=\"background:inherit\" data-bg=\"url(&#039;https:\/\/www.vidalco.nl\/wp-content\/uploads\/2023\/11\/Vidalco-2-1.jpg&#039;) no-repeat center \/ cover\">\n    <div class=\"overlay-video\">\n            <\/div>\n    <div class=\"overlay\"><\/div>\n    <div class=\"container \">\n        <div class=\"row justify-content-start text-center position-relative \">\n            <div class=\"col-12\">\n                <p class=\"subtitle\">Vidalco<\/p>\n                <h1 class=\"white\">Nachhaltig und umweltbewusst<\/h1>\n                                            <\/div>\n        <\/div>\n    <\/div>\n<\/section>\n\n<section class=\"content-block primary-background\">\n    <div class=\"container\">\n        <div class=\"row align-items-center justify-content-center gy-5\">\n                            <div class=\"col-12 col-md-10 col-lg-8\">\n                    <div class=\"content-wrapper\">\n                                                    <p class=\"subtitle\">Nachhaltigkeit bei VIDALCO<\/p>\n                            <h2>Verantwortungsvoll, innovativ und umweltbewusst in allem, was wir tun<\/h2>\n                                                <div class=\"text-wrapper\">\n                            \n\n<p>Bei VIDALCO liegen Nachhaltigkeit und Umweltbewusstsein in unserer DNA. Wir glauben, dass der Weg in eine gr\u00fcnere Zukunft damit beginnt, dass wir Verantwortung f\u00fcr unsere Auswirkungen auf die Umwelt \u00fcbernehmen. Deshalb setzen wir uns daf\u00fcr ein, nachhaltige L\u00f6sungen bereitzustellen, die nicht nur die Baubranche ver\u00e4ndern, sondern auch zu einer besseren Welt f\u00fcr zuk\u00fcnftige Generationen beitragen.  <\/p>\n\n\n\n<p>Unsere vorgefertigten Module werden vollautomatisch produziert, was zu weniger Abfall und damit zu einer geringeren Umweltbelastung f\u00fchrt. Dank des schnellen Installationsprozesses unserer Fertig-Fu\u00dfbodenheizung, der bis zu f\u00fcnfmal schneller ist als bei herk\u00f6mmlichen Methoden, reduzieren wir nicht nur die Zeit, die Techniker vor Ort verbringen, sondern auch die Wege und die damit verbundenen CO2-Emissionen. Dar\u00fcber hinaus bleiben die Module nach dem Ausrollen flach, sodass wir f\u00fcr die meisten Oberfl\u00e4chen nur minimale Befestigungsmittel ben\u00f6tigen.  <\/p>\n\n\n\n<p>Unser Engagement f\u00fcr Nachhaltigkeit wird durch unser Life Cycle Assessment (LCA) best\u00e4tigt, ein leistungsstarkes Tool, das die gesamten Auswirkungen unserer Produkte auf die Umwelt misst. Von der Rohstoffgewinnung bis zur Abfallverarbeitung und Wiederverwendung analysieren wir jede Phase des Lebenszyklus sorgf\u00e4ltig, um unseren \u00f6kologischen Fu\u00dfabdruck zu minimieren. <\/p>\n\n\n\n<p>Wir sind daher stolz, dass VIDALCO das einzige Unternehmen f\u00fcr Fu\u00dfbodenheizungen ist, das in der <a href=\"https:\/\/milieudatabase.nl\/nl\/viewer\/milieuverklaring\/nmd_92436\/\">National Environmental Database<\/a> aufgef\u00fchrt ist. Diese Anerkennung unterstreicht nicht nur unser Engagement f\u00fcr Nachhaltigkeit, sondern bietet auch konkrete Vorteile f\u00fcr unsere Kunden. Bauherren und Bauherren k\u00f6nnen nun zwischen Standard-Fu\u00dfbodenheizungen oder den nachhaltigen L\u00f6sungen von VIDALCO w\u00e4hlen. Durch die nachhaltige Produktion und Installation unserer Systeme wird die Berechnung der Umweltleistung von Geb\u00e4uden (MPG) positiv beeinflusst, was sich direkt auf die Machbarkeit und Nachhaltigkeit von Projekten auswirkt. VIDALCO ist daher die beste Wahl f\u00fcr nachhaltige Projekte.   <\/p>\n\n\n\n<p>Gemeinsam mit unseren Partnern unternehmen wir Schritte in Richtung einer umweltfreundlicheren Welt. Entdecken Sie das nachhaltige Herz von VIDALCO und schlie\u00dfen Sie sich unserem Streben nach einer gr\u00fcneren Zukunft an! <\/p>\n\n\n                        <\/div>\n                                            <\/div>\n                <\/div>\n                    <\/div>\n    <\/div>\n<\/section>\n\n","protected":false},"excerpt":{"rendered":"","protected":false},"author":2,"featured_media":0,"parent":0,"menu_order":0,"comment_status":"closed","ping_status":"closed","template":"","meta":{"_acf_changed":false,"footnotes":""},"class_list":["post-2891","page","type-page","status-publish","hentry"],"acf":[],"yoast_head":"<!-- This site is optimized with the Yoast SEO plugin v27.4 - https:\/\/yoast.com\/product\/yoast-seo-wordpress\/ -->\n<title>Nachhaltigkeit bei Vidalco | Vidalco<\/title>\n<meta name=\"robots\" content=\"index, follow, max-snippet:-1, max-image-preview:large, max-video-preview:-1\" \/>\n<link rel=\"canonical\" href=\"https:\/\/www.vidalco.nl\/de\/nachhaltigkeit-bei-vidalco\/\" \/>\n<meta property=\"og:locale\" content=\"de_DE\" \/>\n<meta property=\"og:type\" content=\"article\" \/>\n<meta property=\"og:title\" content=\"Nachhaltigkeit bei Vidalco | Vidalco\" \/>\n<meta property=\"og:url\" content=\"https:\/\/www.vidalco.nl\/de\/nachhaltigkeit-bei-vidalco\/\" \/>\n<meta property=\"og:site_name\" content=\"Vidalco\" \/>\n<meta property=\"article:modified_time\" content=\"2024-03-08T03:41:55+00:00\" \/>\n<meta name=\"twitter:card\" content=\"summary_large_image\" \/>\n<meta name=\"twitter:label1\" content=\"Gesch\u00e4tzte Lesezeit\" \/>\n\t<meta name=\"twitter:data1\" content=\"2\u00a0Minuten\" \/>\n<script type=\"application\/ld+json\" class=\"yoast-schema-graph\">{\"@context\":\"https:\\\/\\\/schema.org\",\"@graph\":[{\"@type\":\"WebPage\",\"@id\":\"https:\\\/\\\/www.vidalco.nl\\\/de\\\/nachhaltigkeit-bei-vidalco\\\/\",\"url\":\"https:\\\/\\\/www.vidalco.nl\\\/de\\\/nachhaltigkeit-bei-vidalco\\\/\",\"name\":\"Nachhaltigkeit bei Vidalco | Vidalco\",\"isPartOf\":{\"@id\":\"https:\\\/\\\/www.vidalco.nl\\\/de\\\/#website\"},\"datePublished\":\"2024-03-03T17:12:59+00:00\",\"dateModified\":\"2024-03-08T03:41:55+00:00\",\"breadcrumb\":{\"@id\":\"https:\\\/\\\/www.vidalco.nl\\\/de\\\/nachhaltigkeit-bei-vidalco\\\/#breadcrumb\"},\"inLanguage\":\"de\",\"potentialAction\":[{\"@type\":\"ReadAction\",\"target\":[\"https:\\\/\\\/www.vidalco.nl\\\/de\\\/nachhaltigkeit-bei-vidalco\\\/\"]}]},{\"@type\":\"BreadcrumbList\",\"@id\":\"https:\\\/\\\/www.vidalco.nl\\\/de\\\/nachhaltigkeit-bei-vidalco\\\/#breadcrumb\",\"itemListElement\":[{\"@type\":\"ListItem\",\"position\":1,\"name\":\"Home\",\"item\":\"https:\\\/\\\/www.vidalco.nl\\\/de\\\/\"},{\"@type\":\"ListItem\",\"position\":2,\"name\":\"Nachhaltigkeit bei Vidalco\"}]},{\"@type\":\"WebSite\",\"@id\":\"https:\\\/\\\/www.vidalco.nl\\\/de\\\/#website\",\"url\":\"https:\\\/\\\/www.vidalco.nl\\\/de\\\/\",\"name\":\"Vidalco\",\"description\":\"\",\"potentialAction\":[{\"@type\":\"SearchAction\",\"target\":{\"@type\":\"EntryPoint\",\"urlTemplate\":\"https:\\\/\\\/www.vidalco.nl\\\/de\\\/?s={search_term_string}\"},\"query-input\":{\"@type\":\"PropertyValueSpecification\",\"valueRequired\":true,\"valueName\":\"search_term_string\"}}],\"inLanguage\":\"de\"}]}<\/script>\n<!-- \/ Yoast SEO plugin. -->","yoast_head_json":{"title":"Nachhaltigkeit bei Vidalco | Vidalco","robots":{"index":"index","follow":"follow","max-snippet":"max-snippet:-1","max-image-preview":"max-image-preview:large","max-video-preview":"max-video-preview:-1"},"canonical":"https:\/\/www.vidalco.nl\/de\/nachhaltigkeit-bei-vidalco\/","og_locale":"de_DE","og_type":"article","og_title":"Nachhaltigkeit bei Vidalco | Vidalco","og_url":"https:\/\/www.vidalco.nl\/de\/nachhaltigkeit-bei-vidalco\/","og_site_name":"Vidalco","article_modified_time":"2024-03-08T03:41:55+00:00","twitter_card":"summary_large_image","twitter_misc":{"Gesch\u00e4tzte Lesezeit":"2\u00a0Minuten"},"schema":{"@context":"https:\/\/schema.org","@graph":[{"@type":"WebPage","@id":"https:\/\/www.vidalco.nl\/de\/nachhaltigkeit-bei-vidalco\/","url":"https:\/\/www.vidalco.nl\/de\/nachhaltigkeit-bei-vidalco\/","name":"Nachhaltigkeit bei Vidalco | Vidalco","isPartOf":{"@id":"https:\/\/www.vidalco.nl\/de\/#website"},"datePublished":"2024-03-03T17:12:59+00:00","dateModified":"2024-03-08T03:41:55+00:00","breadcrumb":{"@id":"https:\/\/www.vidalco.nl\/de\/nachhaltigkeit-bei-vidalco\/#breadcrumb"},"inLanguage":"de","potentialAction":[{"@type":"ReadAction","target":["https:\/\/www.vidalco.nl\/de\/nachhaltigkeit-bei-vidalco\/"]}]},{"@type":"BreadcrumbList","@id":"https:\/\/www.vidalco.nl\/de\/nachhaltigkeit-bei-vidalco\/#breadcrumb","itemListElement":[{"@type":"ListItem","position":1,"name":"Home","item":"https:\/\/www.vidalco.nl\/de\/"},{"@type":"ListItem","position":2,"name":"Nachhaltigkeit bei Vidalco"}]},{"@type":"WebSite","@id":"https:\/\/www.vidalco.nl\/de\/#website","url":"https:\/\/www.vidalco.nl\/de\/","name":"Vidalco","description":"","potentialAction":[{"@type":"SearchAction","target":{"@type":"EntryPoint","urlTemplate":"https:\/\/www.vidalco.nl\/de\/?s={search_term_string}"},"query-input":{"@type":"PropertyValueSpecification","valueRequired":true,"valueName":"search_term_string"}}],"inLanguage":"de"}]}},"_links":{"self":[{"href":"https:\/\/www.vidalco.nl\/de\/wp-json\/wp\/v2\/pages\/2891","targetHints":{"allow":["GET"]}}],"collection":[{"href":"https:\/\/www.vidalco.nl\/de\/wp-json\/wp\/v2\/pages"}],"about":[{"href":"https:\/\/www.vidalco.nl\/de\/wp-json\/wp\/v2\/types\/page"}],"author":[{"embeddable":true,"href":"https:\/\/www.vidalco.nl\/de\/wp-json\/wp\/v2\/users\/2"}],"replies":[{"embeddable":true,"href":"https:\/\/www.vidalco.nl\/de\/wp-json\/wp\/v2\/comments?post=2891"}],"version-history":[{"count":0,"href":"https:\/\/www.vidalco.nl\/de\/wp-json\/wp\/v2\/pages\/2891\/revisions"}],"wp:attachment":[{"href":"https:\/\/www.vidalco.nl\/de\/wp-json\/wp\/v2\/media?parent=2891"}],"curies":[{"name":"wp","href":"https:\/\/api.w.org\/{rel}","templated":true}]}}