{"id":2094,"date":"2024-01-26T13:16:22","date_gmt":"2024-01-26T13:16:22","guid":{"rendered":"https:\/\/www.vidalco.nl\/?page_id=2094"},"modified":"2024-03-06T00:49:43","modified_gmt":"2024-03-06T00:49:43","slug":"fertigbau-und-industriebau","status":"publish","type":"page","link":"https:\/\/www.vidalco.nl\/de\/anwendungsbereiche\/fertigbau-und-industriebau\/","title":{"rendered":"Fertigbau und Industriebau"},"content":{"rendered":"\n<section class=\"hero lazyload\" \n        style=\"background:inherit\" data-bg=\"url(&#039;https:\/\/www.vidalco.nl\/wp-content\/uploads\/2024\/01\/2024-01-30-13_46_28-Window.png&#039;) no-repeat center \/ cover\">\n    <div class=\"overlay-video\">\n            <\/div>\n    <div class=\"overlay\"><\/div>\n    <div class=\"container \">\n        <div class=\"row justify-content-start text-center position-relative \">\n            <div class=\"col-12\">\n                <p class=\"subtitle\">VIDALCO ANWENDUNGSBEREICHE<\/p>\n                <h1 class=\"white\">Fertigbau und Industriebau<\/h1>\n                                            <\/div>\n        <\/div>\n    <\/div>\n<\/section>\n\n<section id=\"breadcrumbs\" class=\"primary-background\">\n\t<div class=\"container\">\n\t\t<div class=\"row\">\n\t\t\t<div class=\"col-12\">\n\t\t\t<span id=\"breadcrumbs-wrapper\"><span><span><a href=\"https:\/\/www.vidalco.nl\/de\/\">Home<\/a><\/span><\/span><\/span>\t\t\t<\/div>\n\t\t<\/div>\n\t<\/div>\n<\/section>\n<section class=\"content primary-background\">\n    <div class=\"container\">\n      \n\n<p class=\"has-text-color\" style=\"color:#95c11f\"><strong>Die Zukunft des Bauens<\/strong><\/p>\n\n\n\n<p>Der Wohnungsbau hat sich in den letzten Jahren stark ver\u00e4ndert. Viele H\u00e4user m\u00fcssen in kurzer Zeit gebaut werden. Viele Smart-Home-Fabriken sind in k\u00fcrzester Zeit entstanden. Diese Smart-Home-Fabriken stellen Fertigh\u00e4user her.   <\/p>\n\n\n\n<p class=\"has-text-color\" style=\"color:#95c11f\"><strong>VIDALCO<\/strong><\/p>\n\n\n\n<p>Wie reagiert VIDALCO darauf? Normalerweise verlegt VIDALCO seine Fu\u00dfbodenheizungsmodule auf den rauen Unterboden, \u00fcber den dann ein Estrich gegossen wird. Aber das geht effizienter! N\u00e4mlich durch das Eingie\u00dfen der Module direkt in den Estrichboden. Dies alles geschieht in einer kontrollierten und angenehmen Fabrikhalle. Der Estrichboden wird als Bausatz zur Baustelle transportiert. Nach der Installation m\u00fcssen nur noch die Vor- und R\u00fccklaufleitungen angeschlossen werden \u2013 fertig!       <\/p>\n\n\n\n<figure class=\"wp-block-image size-large\"><img decoding=\"async\" width=\"1024\" height=\"490\" data-src=\"https:\/\/www.vidalco.nl\/wp-content\/uploads\/2024\/01\/2024-01-29-13_54_09-Mediaspeler-1-1024x490.png\" alt=\"\" class=\"wp-image-2222 lazyload\" data-srcset=\"https:\/\/www.vidalco.nl\/wp-content\/uploads\/2024\/01\/2024-01-29-13_54_09-Mediaspeler-1-1024x490.png 1024w, https:\/\/www.vidalco.nl\/wp-content\/uploads\/2024\/01\/2024-01-29-13_54_09-Mediaspeler-1-300x143.png 300w, https:\/\/www.vidalco.nl\/wp-content\/uploads\/2024\/01\/2024-01-29-13_54_09-Mediaspeler-1-768x367.png 768w, https:\/\/www.vidalco.nl\/wp-content\/uploads\/2024\/01\/2024-01-29-13_54_09-Mediaspeler-1.png 1826w\" data-sizes=\"(max-width: 1024px) 100vw, 1024px\" src=\"data:image\/svg+xml;base64,PHN2ZyB3aWR0aD0iMSIgaGVpZ2h0PSIxIiB4bWxucz0iaHR0cDovL3d3dy53My5vcmcvMjAwMC9zdmciPjwvc3ZnPg==\" style=\"--smush-placeholder-width: 1024px; --smush-placeholder-aspect-ratio: 1024\/490;\" \/><\/figure>\n\n\n    <\/div>\n<\/section><section id=\"applications-block\" class=\"primary-background\">\n    <div class=\"container\">\n        <div class=\"row\">\n            <!-- title -->\n                    <\/div>\n        <div class=\"row\">\n            <div class=\"col-12\">\n                <div class=\"swiper application-swiper w-100\">\n                    <div class=\"swiper-wrapper\">\n                                                    <div class=\"swiper-slide col-12 col-sm-6 col-lg-3\">\n                                                                <a class=\"application\" href=\"https:\/\/www.vidalco.nl\/de\/anwendungsbereiche\/neubau\/\">\n                                                                            <img decoding=\"async\" data-src=\"https:\/\/www.vidalco.nl\/wp-content\/uploads\/2024\/01\/EN4E3057.jpg\" alt=\"\" src=\"data:image\/svg+xml;base64,PHN2ZyB3aWR0aD0iMSIgaGVpZ2h0PSIxIiB4bWxucz0iaHR0cDovL3d3dy53My5vcmcvMjAwMC9zdmciPjwvc3ZnPg==\" class=\"lazyload\" style=\"--smush-placeholder-width: 4896px; --smush-placeholder-aspect-ratio: 4896\/3264;\" \/>\n                                                                        <h5 class='application-title white'>Neubau<\/h5>\n                                    <p class='application-text white'><\/p>\n                                    <p class=\"button primary\">Mehr lesen<\/p>                                <\/a>\n                                                            <\/div>    \n                                                    <div class=\"swiper-slide col-12 col-sm-6 col-lg-3\">\n                                                                <a class=\"application\" href=\"https:\/\/www.vidalco.nl\/de\/anwendungsbereiche\/fertigbau\/\">\n                                                                            <img decoding=\"async\" data-src=\"https:\/\/www.vidalco.nl\/wp-content\/uploads\/2024\/01\/2024-01-30-13_46_28-Window.png\" alt=\"\" src=\"data:image\/svg+xml;base64,PHN2ZyB3aWR0aD0iMSIgaGVpZ2h0PSIxIiB4bWxucz0iaHR0cDovL3d3dy53My5vcmcvMjAwMC9zdmciPjwvc3ZnPg==\" class=\"lazyload\" style=\"--smush-placeholder-width: 1827px; --smush-placeholder-aspect-ratio: 1827\/877;\" \/>\n                                                                        <h5 class='application-title white'>Fertigbau &amp; Industriebau<\/h5>\n                                    <p class='application-text white'><\/p>\n                                    <p class=\"button primary\">Mehr lesen<\/p>                                <\/a>\n                                                            <\/div>    \n                                                    <div class=\"swiper-slide col-12 col-sm-6 col-lg-3\">\n                                                                <a class=\"application\" href=\"https:\/\/www.vidalco.nl\/de\/anwendungsbereiche\/industriell\/\">\n                                                                            <img decoding=\"async\" data-src=\"https:\/\/www.vidalco.nl\/wp-content\/uploads\/2023\/12\/istockphoto-1405457751-612x612-1.jpg\" alt=\"\" src=\"data:image\/svg+xml;base64,PHN2ZyB3aWR0aD0iMSIgaGVpZ2h0PSIxIiB4bWxucz0iaHR0cDovL3d3dy53My5vcmcvMjAwMC9zdmciPjwvc3ZnPg==\" class=\"lazyload\" style=\"--smush-placeholder-width: 408px; --smush-placeholder-aspect-ratio: 408\/612;\" \/>\n                                                                        <h5 class='application-title white'>Renovierung &amp; Transformation<\/h5>\n                                    <p class='application-text white'><\/p>\n                                    <p class=\"button primary\">Mehr lesen<\/p>                                <\/a>\n                                                            <\/div>    \n                                                    <div class=\"swiper-slide col-12 col-sm-6 col-lg-3\">\n                                                                <a class=\"application\" href=\"https:\/\/www.vidalco.nl\/de\/anwendungsbereiche\/versorgungsbau\/\">\n                                                                            <img decoding=\"async\" data-src=\"https:\/\/www.vidalco.nl\/wp-content\/uploads\/2024\/01\/image00010.jpeg\" alt=\"\" src=\"data:image\/svg+xml;base64,PHN2ZyB3aWR0aD0iMSIgaGVpZ2h0PSIxIiB4bWxucz0iaHR0cDovL3d3dy53My5vcmcvMjAwMC9zdmciPjwvc3ZnPg==\" class=\"lazyload\" style=\"--smush-placeholder-width: 1600px; --smush-placeholder-aspect-ratio: 1600\/1066;\" \/>\n                                                                        <h5 class='application-title white'>Versorgungsbau<\/h5>\n                                    <p class='application-text white'><\/p>\n                                    <p class=\"button primary\">Mehr lesen<\/p>                                <\/a>\n                                                            <\/div>    \n                                            <\/div>\n                <\/div>\n                <script>\n                    var swiper = new Swiper(\".application-swiper\", {\n                        slidesPerView: 1.2,\n                        spaceBetween: 30,\n                        loop: false,\n                        breakpoints: {\n                            576: {\n                                slidesPerView: 1.6\n                            },\n                            768: {\n                                slidesPerView: 2.4\n                            },\n                            992: {\n                                slidesPerView: 3.3\n                            },\n                            1200: {\n                                slidesPerView: 4\n                            },\n                        }\n                    });\n                <\/script>\n            <\/div>\n        <\/div>\n    <\/div>\n<\/section>","protected":false},"excerpt":{"rendered":"","protected":false},"author":2,"featured_media":0,"parent":1865,"menu_order":0,"comment_status":"closed","ping_status":"closed","template":"","meta":{"_acf_changed":false,"footnotes":""},"class_list":["post-2094","page","type-page","status-publish","hentry"],"acf":[],"yoast_head":"<!-- This site is optimized with the Yoast SEO plugin v27.4 - https:\/\/yoast.com\/product\/yoast-seo-wordpress\/ -->\n<title>Fertigbau und Industriebau | Vidalco<\/title>\n<meta name=\"robots\" content=\"index, follow, max-snippet:-1, max-image-preview:large, max-video-preview:-1\" \/>\n<link rel=\"canonical\" href=\"https:\/\/www.vidalco.nl\/de\/anwendungsbereiche\/fertigbau-und-industriebau\/\" \/>\n<meta property=\"og:locale\" content=\"de_DE\" \/>\n<meta property=\"og:type\" content=\"article\" \/>\n<meta property=\"og:title\" content=\"Fertigbau und Industriebau | Vidalco\" \/>\n<meta property=\"og:url\" content=\"https:\/\/www.vidalco.nl\/de\/anwendungsbereiche\/fertigbau-und-industriebau\/\" \/>\n<meta property=\"og:site_name\" content=\"Vidalco\" \/>\n<meta property=\"article:modified_time\" content=\"2024-03-06T00:49:43+00:00\" \/>\n<meta property=\"og:image\" content=\"https:\/\/www.vidalco.nl\/wp-content\/uploads\/2024\/01\/2024-01-29-13_54_09-Mediaspeler-1-1024x490.png\" \/>\n<meta name=\"twitter:card\" content=\"summary_large_image\" \/>\n<meta name=\"twitter:label1\" content=\"Gesch\u00e4tzte Lesezeit\" \/>\n\t<meta name=\"twitter:data1\" content=\"1\u00a0Minute\" \/>\n<script type=\"application\/ld+json\" class=\"yoast-schema-graph\">{\"@context\":\"https:\\\/\\\/schema.org\",\"@graph\":[{\"@type\":\"WebPage\",\"@id\":\"https:\\\/\\\/www.vidalco.nl\\\/de\\\/anwendungsbereiche\\\/fertigbau-und-industriebau\\\/\",\"url\":\"https:\\\/\\\/www.vidalco.nl\\\/de\\\/anwendungsbereiche\\\/fertigbau-und-industriebau\\\/\",\"name\":\"Fertigbau und Industriebau | Vidalco\",\"isPartOf\":{\"@id\":\"https:\\\/\\\/www.vidalco.nl\\\/de\\\/#website\"},\"primaryImageOfPage\":{\"@id\":\"https:\\\/\\\/www.vidalco.nl\\\/de\\\/anwendungsbereiche\\\/fertigbau-und-industriebau\\\/#primaryimage\"},\"image\":{\"@id\":\"https:\\\/\\\/www.vidalco.nl\\\/de\\\/anwendungsbereiche\\\/fertigbau-und-industriebau\\\/#primaryimage\"},\"thumbnailUrl\":\"https:\\\/\\\/www.vidalco.nl\\\/wp-content\\\/uploads\\\/2024\\\/01\\\/2024-01-29-13_54_09-Mediaspeler-1-1024x490.png\",\"datePublished\":\"2024-01-26T13:16:22+00:00\",\"dateModified\":\"2024-03-06T00:49:43+00:00\",\"breadcrumb\":{\"@id\":\"https:\\\/\\\/www.vidalco.nl\\\/de\\\/anwendungsbereiche\\\/fertigbau-und-industriebau\\\/#breadcrumb\"},\"inLanguage\":\"de\",\"potentialAction\":[{\"@type\":\"ReadAction\",\"target\":[\"https:\\\/\\\/www.vidalco.nl\\\/de\\\/anwendungsbereiche\\\/fertigbau-und-industriebau\\\/\"]}]},{\"@type\":\"ImageObject\",\"inLanguage\":\"de\",\"@id\":\"https:\\\/\\\/www.vidalco.nl\\\/de\\\/anwendungsbereiche\\\/fertigbau-und-industriebau\\\/#primaryimage\",\"url\":\"https:\\\/\\\/www.vidalco.nl\\\/wp-content\\\/uploads\\\/2024\\\/01\\\/2024-01-29-13_54_09-Mediaspeler-1-1024x490.png\",\"contentUrl\":\"https:\\\/\\\/www.vidalco.nl\\\/wp-content\\\/uploads\\\/2024\\\/01\\\/2024-01-29-13_54_09-Mediaspeler-1-1024x490.png\"},{\"@type\":\"BreadcrumbList\",\"@id\":\"https:\\\/\\\/www.vidalco.nl\\\/de\\\/anwendungsbereiche\\\/fertigbau-und-industriebau\\\/#breadcrumb\",\"itemListElement\":[{\"@type\":\"ListItem\",\"position\":1,\"name\":\"Home\",\"item\":\"https:\\\/\\\/www.vidalco.nl\\\/de\\\/\"},{\"@type\":\"ListItem\",\"position\":2,\"name\":\"Anwendungsbereiche\",\"item\":\"https:\\\/\\\/www.vidalco.nl\\\/de\\\/anwendungsbereiche\\\/\"},{\"@type\":\"ListItem\",\"position\":3,\"name\":\"Fertigbau und Industriebau\"}]},{\"@type\":\"WebSite\",\"@id\":\"https:\\\/\\\/www.vidalco.nl\\\/de\\\/#website\",\"url\":\"https:\\\/\\\/www.vidalco.nl\\\/de\\\/\",\"name\":\"Vidalco\",\"description\":\"\",\"potentialAction\":[{\"@type\":\"SearchAction\",\"target\":{\"@type\":\"EntryPoint\",\"urlTemplate\":\"https:\\\/\\\/www.vidalco.nl\\\/de\\\/?s={search_term_string}\"},\"query-input\":{\"@type\":\"PropertyValueSpecification\",\"valueRequired\":true,\"valueName\":\"search_term_string\"}}],\"inLanguage\":\"de\"}]}<\/script>\n<!-- \/ Yoast SEO plugin. -->","yoast_head_json":{"title":"Fertigbau und Industriebau | Vidalco","robots":{"index":"index","follow":"follow","max-snippet":"max-snippet:-1","max-image-preview":"max-image-preview:large","max-video-preview":"max-video-preview:-1"},"canonical":"https:\/\/www.vidalco.nl\/de\/anwendungsbereiche\/fertigbau-und-industriebau\/","og_locale":"de_DE","og_type":"article","og_title":"Fertigbau und Industriebau | Vidalco","og_url":"https:\/\/www.vidalco.nl\/de\/anwendungsbereiche\/fertigbau-und-industriebau\/","og_site_name":"Vidalco","article_modified_time":"2024-03-06T00:49:43+00:00","og_image":[{"url":"https:\/\/www.vidalco.nl\/wp-content\/uploads\/2024\/01\/2024-01-29-13_54_09-Mediaspeler-1-1024x490.png","type":"","width":"","height":""}],"twitter_card":"summary_large_image","twitter_misc":{"Gesch\u00e4tzte Lesezeit":"1\u00a0Minute"},"schema":{"@context":"https:\/\/schema.org","@graph":[{"@type":"WebPage","@id":"https:\/\/www.vidalco.nl\/de\/anwendungsbereiche\/fertigbau-und-industriebau\/","url":"https:\/\/www.vidalco.nl\/de\/anwendungsbereiche\/fertigbau-und-industriebau\/","name":"Fertigbau und Industriebau | Vidalco","isPartOf":{"@id":"https:\/\/www.vidalco.nl\/de\/#website"},"primaryImageOfPage":{"@id":"https:\/\/www.vidalco.nl\/de\/anwendungsbereiche\/fertigbau-und-industriebau\/#primaryimage"},"image":{"@id":"https:\/\/www.vidalco.nl\/de\/anwendungsbereiche\/fertigbau-und-industriebau\/#primaryimage"},"thumbnailUrl":"https:\/\/www.vidalco.nl\/wp-content\/uploads\/2024\/01\/2024-01-29-13_54_09-Mediaspeler-1-1024x490.png","datePublished":"2024-01-26T13:16:22+00:00","dateModified":"2024-03-06T00:49:43+00:00","breadcrumb":{"@id":"https:\/\/www.vidalco.nl\/de\/anwendungsbereiche\/fertigbau-und-industriebau\/#breadcrumb"},"inLanguage":"de","potentialAction":[{"@type":"ReadAction","target":["https:\/\/www.vidalco.nl\/de\/anwendungsbereiche\/fertigbau-und-industriebau\/"]}]},{"@type":"ImageObject","inLanguage":"de","@id":"https:\/\/www.vidalco.nl\/de\/anwendungsbereiche\/fertigbau-und-industriebau\/#primaryimage","url":"https:\/\/www.vidalco.nl\/wp-content\/uploads\/2024\/01\/2024-01-29-13_54_09-Mediaspeler-1-1024x490.png","contentUrl":"https:\/\/www.vidalco.nl\/wp-content\/uploads\/2024\/01\/2024-01-29-13_54_09-Mediaspeler-1-1024x490.png"},{"@type":"BreadcrumbList","@id":"https:\/\/www.vidalco.nl\/de\/anwendungsbereiche\/fertigbau-und-industriebau\/#breadcrumb","itemListElement":[{"@type":"ListItem","position":1,"name":"Home","item":"https:\/\/www.vidalco.nl\/de\/"},{"@type":"ListItem","position":2,"name":"Anwendungsbereiche","item":"https:\/\/www.vidalco.nl\/de\/anwendungsbereiche\/"},{"@type":"ListItem","position":3,"name":"Fertigbau und Industriebau"}]},{"@type":"WebSite","@id":"https:\/\/www.vidalco.nl\/de\/#website","url":"https:\/\/www.vidalco.nl\/de\/","name":"Vidalco","description":"","potentialAction":[{"@type":"SearchAction","target":{"@type":"EntryPoint","urlTemplate":"https:\/\/www.vidalco.nl\/de\/?s={search_term_string}"},"query-input":{"@type":"PropertyValueSpecification","valueRequired":true,"valueName":"search_term_string"}}],"inLanguage":"de"}]}},"_links":{"self":[{"href":"https:\/\/www.vidalco.nl\/de\/wp-json\/wp\/v2\/pages\/2094","targetHints":{"allow":["GET"]}}],"collection":[{"href":"https:\/\/www.vidalco.nl\/de\/wp-json\/wp\/v2\/pages"}],"about":[{"href":"https:\/\/www.vidalco.nl\/de\/wp-json\/wp\/v2\/types\/page"}],"author":[{"embeddable":true,"href":"https:\/\/www.vidalco.nl\/de\/wp-json\/wp\/v2\/users\/2"}],"replies":[{"embeddable":true,"href":"https:\/\/www.vidalco.nl\/de\/wp-json\/wp\/v2\/comments?post=2094"}],"version-history":[{"count":0,"href":"https:\/\/www.vidalco.nl\/de\/wp-json\/wp\/v2\/pages\/2094\/revisions"}],"up":[{"embeddable":true,"href":"https:\/\/www.vidalco.nl\/de\/wp-json\/wp\/v2\/pages\/1865"}],"wp:attachment":[{"href":"https:\/\/www.vidalco.nl\/de\/wp-json\/wp\/v2\/media?parent=2094"}],"curies":[{"name":"wp","href":"https:\/\/api.w.org\/{rel}","templated":true}]}}