{"id":1871,"date":"2023-12-15T12:48:00","date_gmt":"2023-12-15T12:48:00","guid":{"rendered":"https:\/\/www.vidalco.nl\/?page_id=1871"},"modified":"2024-03-03T17:32:55","modified_gmt":"2024-03-03T17:32:55","slug":"arbeiten-bei","status":"publish","type":"page","link":"https:\/\/www.vidalco.nl\/de\/arbeiten-bei\/","title":{"rendered":"Arbeiten bei"},"content":{"rendered":"\n<section class=\"hero lazyload\" \n        style=\"background:inherit\" data-bg=\"url(&#039;https:\/\/www.vidalco.nl\/wp-content\/uploads\/2023\/11\/Vidalco-2.jpg&#039;) no-repeat center \/ cover\">\n    <div class=\"overlay-video\">\n            <\/div>\n    <div class=\"overlay\"><\/div>\n    <div class=\"container \">\n        <div class=\"row justify-content-start text-center position-relative \">\n            <div class=\"col-12\">\n                <p class=\"subtitle\">VIDALCO<\/p>\n                <h1 class=\"white\">Arbeiten bei<\/h1>\n                                            <\/div>\n        <\/div>\n    <\/div>\n<\/section>\n\n<section id=\"breadcrumbs\" class=\"primary-background\">\n\t<div class=\"container\">\n\t\t<div class=\"row\">\n\t\t\t<div class=\"col-12\">\n\t\t\t<span id=\"breadcrumbs-wrapper\"><span><span><a href=\"https:\/\/www.vidalco.nl\/de\/\">Home<\/a><\/span><\/span><\/span>\t\t\t<\/div>\n\t\t<\/div>\n\t<\/div>\n<\/section>\n<section class=\"content-block primary-background\">\n    <div class=\"container\">\n        <div class=\"row align-items-center justify-content-center gy-5\">\n                            <div class=\"col-12 col-md-10 col-lg-8\">\n                    <div class=\"content-wrapper\">\n                                                    <p class=\"subtitle\">Arbeiten bei Vidalco<\/p>\n                            <h2>Werden Sie Teil unseres Teams!<\/h2>\n                                                <div class=\"text-wrapper\">\n                            \n\n<p>Bei VIDALCO sind wir st\u00e4ndig auf der Suche nach erfahrenen Topperrn und Menschen, die das Handwerk erlernen m\u00f6chten. Schauen Sie sich die Stellenangebote unten an, um die neuesten verf\u00fcgbaren Stellen zu finden. <\/p>\n\n\n\n<p>Ist Ihr Interesse geweckt? H\u00fcbsch. Wir w\u00fcrden uns freuen, mit Ihnen eine Tasse Kaffee zu trinken. Kontaktieren Sie uns unten!   <\/p>\n\n\n                        <\/div>\n                                            <\/div>\n                <\/div>\n                    <\/div>\n    <\/div>\n<\/section>\n\n","protected":false},"excerpt":{"rendered":"","protected":false},"author":1,"featured_media":0,"parent":0,"menu_order":0,"comment_status":"closed","ping_status":"closed","template":"page-vacancies.php","meta":{"_acf_changed":false,"footnotes":""},"class_list":["post-1871","page","type-page","status-publish","hentry"],"acf":[],"yoast_head":"<!-- This site is optimized with the Yoast SEO plugin v27.4 - https:\/\/yoast.com\/product\/yoast-seo-wordpress\/ -->\n<title>Arbeiten bei | Vidalco<\/title>\n<meta name=\"robots\" content=\"index, follow, max-snippet:-1, max-image-preview:large, max-video-preview:-1\" \/>\n<link rel=\"canonical\" href=\"https:\/\/www.vidalco.nl\/de\/arbeiten-bei\/\" \/>\n<meta property=\"og:locale\" content=\"de_DE\" \/>\n<meta property=\"og:type\" content=\"article\" \/>\n<meta property=\"og:title\" content=\"Arbeiten bei | Vidalco\" \/>\n<meta property=\"og:url\" content=\"https:\/\/www.vidalco.nl\/de\/arbeiten-bei\/\" \/>\n<meta property=\"og:site_name\" content=\"Vidalco\" \/>\n<meta property=\"article:modified_time\" content=\"2024-03-03T17:32:55+00:00\" \/>\n<meta name=\"twitter:card\" content=\"summary_large_image\" \/>\n<script type=\"application\/ld+json\" class=\"yoast-schema-graph\">{\"@context\":\"https:\\\/\\\/schema.org\",\"@graph\":[{\"@type\":\"WebPage\",\"@id\":\"https:\\\/\\\/www.vidalco.nl\\\/de\\\/arbeiten-bei\\\/\",\"url\":\"https:\\\/\\\/www.vidalco.nl\\\/de\\\/arbeiten-bei\\\/\",\"name\":\"Arbeiten bei | Vidalco\",\"isPartOf\":{\"@id\":\"https:\\\/\\\/www.vidalco.nl\\\/de\\\/#website\"},\"datePublished\":\"2023-12-15T12:48:00+00:00\",\"dateModified\":\"2024-03-03T17:32:55+00:00\",\"breadcrumb\":{\"@id\":\"https:\\\/\\\/www.vidalco.nl\\\/de\\\/arbeiten-bei\\\/#breadcrumb\"},\"inLanguage\":\"de\",\"potentialAction\":[{\"@type\":\"ReadAction\",\"target\":[\"https:\\\/\\\/www.vidalco.nl\\\/de\\\/arbeiten-bei\\\/\"]}]},{\"@type\":\"BreadcrumbList\",\"@id\":\"https:\\\/\\\/www.vidalco.nl\\\/de\\\/arbeiten-bei\\\/#breadcrumb\",\"itemListElement\":[{\"@type\":\"ListItem\",\"position\":1,\"name\":\"Home\",\"item\":\"https:\\\/\\\/www.vidalco.nl\\\/de\\\/\"},{\"@type\":\"ListItem\",\"position\":2,\"name\":\"Arbeiten bei\"}]},{\"@type\":\"WebSite\",\"@id\":\"https:\\\/\\\/www.vidalco.nl\\\/de\\\/#website\",\"url\":\"https:\\\/\\\/www.vidalco.nl\\\/de\\\/\",\"name\":\"Vidalco\",\"description\":\"\",\"potentialAction\":[{\"@type\":\"SearchAction\",\"target\":{\"@type\":\"EntryPoint\",\"urlTemplate\":\"https:\\\/\\\/www.vidalco.nl\\\/de\\\/?s={search_term_string}\"},\"query-input\":{\"@type\":\"PropertyValueSpecification\",\"valueRequired\":true,\"valueName\":\"search_term_string\"}}],\"inLanguage\":\"de\"}]}<\/script>\n<!-- \/ Yoast SEO plugin. -->","yoast_head_json":{"title":"Arbeiten bei | Vidalco","robots":{"index":"index","follow":"follow","max-snippet":"max-snippet:-1","max-image-preview":"max-image-preview:large","max-video-preview":"max-video-preview:-1"},"canonical":"https:\/\/www.vidalco.nl\/de\/arbeiten-bei\/","og_locale":"de_DE","og_type":"article","og_title":"Arbeiten bei | Vidalco","og_url":"https:\/\/www.vidalco.nl\/de\/arbeiten-bei\/","og_site_name":"Vidalco","article_modified_time":"2024-03-03T17:32:55+00:00","twitter_card":"summary_large_image","schema":{"@context":"https:\/\/schema.org","@graph":[{"@type":"WebPage","@id":"https:\/\/www.vidalco.nl\/de\/arbeiten-bei\/","url":"https:\/\/www.vidalco.nl\/de\/arbeiten-bei\/","name":"Arbeiten bei | Vidalco","isPartOf":{"@id":"https:\/\/www.vidalco.nl\/de\/#website"},"datePublished":"2023-12-15T12:48:00+00:00","dateModified":"2024-03-03T17:32:55+00:00","breadcrumb":{"@id":"https:\/\/www.vidalco.nl\/de\/arbeiten-bei\/#breadcrumb"},"inLanguage":"de","potentialAction":[{"@type":"ReadAction","target":["https:\/\/www.vidalco.nl\/de\/arbeiten-bei\/"]}]},{"@type":"BreadcrumbList","@id":"https:\/\/www.vidalco.nl\/de\/arbeiten-bei\/#breadcrumb","itemListElement":[{"@type":"ListItem","position":1,"name":"Home","item":"https:\/\/www.vidalco.nl\/de\/"},{"@type":"ListItem","position":2,"name":"Arbeiten bei"}]},{"@type":"WebSite","@id":"https:\/\/www.vidalco.nl\/de\/#website","url":"https:\/\/www.vidalco.nl\/de\/","name":"Vidalco","description":"","potentialAction":[{"@type":"SearchAction","target":{"@type":"EntryPoint","urlTemplate":"https:\/\/www.vidalco.nl\/de\/?s={search_term_string}"},"query-input":{"@type":"PropertyValueSpecification","valueRequired":true,"valueName":"search_term_string"}}],"inLanguage":"de"}]}},"_links":{"self":[{"href":"https:\/\/www.vidalco.nl\/de\/wp-json\/wp\/v2\/pages\/1871","targetHints":{"allow":["GET"]}}],"collection":[{"href":"https:\/\/www.vidalco.nl\/de\/wp-json\/wp\/v2\/pages"}],"about":[{"href":"https:\/\/www.vidalco.nl\/de\/wp-json\/wp\/v2\/types\/page"}],"author":[{"embeddable":true,"href":"https:\/\/www.vidalco.nl\/de\/wp-json\/wp\/v2\/users\/1"}],"replies":[{"embeddable":true,"href":"https:\/\/www.vidalco.nl\/de\/wp-json\/wp\/v2\/comments?post=1871"}],"version-history":[{"count":0,"href":"https:\/\/www.vidalco.nl\/de\/wp-json\/wp\/v2\/pages\/1871\/revisions"}],"wp:attachment":[{"href":"https:\/\/www.vidalco.nl\/de\/wp-json\/wp\/v2\/media?parent=1871"}],"curies":[{"name":"wp","href":"https:\/\/api.w.org\/{rel}","templated":true}]}}