{"id":1865,"date":"2023-12-15T12:46:23","date_gmt":"2023-12-15T12:46:23","guid":{"rendered":"https:\/\/www.vidalco.nl\/?page_id=1865"},"modified":"2024-03-03T17:30:31","modified_gmt":"2024-03-03T17:30:31","slug":"anwendungsbereiche","status":"publish","type":"page","link":"https:\/\/www.vidalco.nl\/de\/anwendungsbereiche\/","title":{"rendered":"Anwendungsbereiche"},"content":{"rendered":"\n<section class=\"hero lazyload\" \n        style=\"background:inherit\" data-bg=\"url(&#039;https:\/\/www.vidalco.nl\/wp-content\/uploads\/2023\/11\/Vidalco-1.jpg&#039;) no-repeat center \/ cover\">\n    <div class=\"overlay-video\">\n            <\/div>\n    <div class=\"overlay\"><\/div>\n    <div class=\"container \">\n        <div class=\"row justify-content-start text-center position-relative \">\n            <div class=\"col-12\">\n                <p class=\"subtitle\">VIDALCO ANWENDUNGSBEREICHE<\/p>\n                <h1 class=\"white\">Anwendungsbereiche<\/h1>\n                                            <\/div>\n        <\/div>\n    <\/div>\n<\/section>\n\n<section id=\"breadcrumbs\" class=\"primary-background\">\n\t<div class=\"container\">\n\t\t<div class=\"row\">\n\t\t\t<div class=\"col-12\">\n\t\t\t<span id=\"breadcrumbs-wrapper\"><span><span><a href=\"https:\/\/www.vidalco.nl\/de\/\">Home<\/a><\/span><\/span><\/span>\t\t\t<\/div>\n\t\t<\/div>\n\t<\/div>\n<\/section>\n<section id=\"applications-block\" class=\"primary-background\">\n    <div class=\"container\">\n        <div class=\"row\">\n            <!-- title -->\n                <div class=\"col-12 text-center\">\n        <p class=\"subtitle\">ANWENDUNGSBEREICHE<\/p>        <h2 class=\"default\">Weit verbreitet<\/h2>            <\/div>\n        <\/div>\n        <div class=\"row\">\n            <div class=\"col-12\">\n                <div class=\"swiper application-swiper w-100\">\n                    <div class=\"swiper-wrapper\">\n                                                    <div class=\"swiper-slide col-12 col-sm-6 col-lg-3\">\n                                                                <a class=\"application\" href=\"https:\/\/www.vidalco.nl\/de\/anwendungsbereiche\/neubau\/\">\n                                                                            <img decoding=\"async\" data-src=\"https:\/\/www.vidalco.nl\/wp-content\/uploads\/2024\/01\/EN4E3057.jpg\" alt=\"\" src=\"data:image\/svg+xml;base64,PHN2ZyB3aWR0aD0iMSIgaGVpZ2h0PSIxIiB4bWxucz0iaHR0cDovL3d3dy53My5vcmcvMjAwMC9zdmciPjwvc3ZnPg==\" class=\"lazyload\" style=\"--smush-placeholder-width: 4896px; --smush-placeholder-aspect-ratio: 4896\/3264;\" \/>\n                                                                        <h5 class='application-title white'>Neubau<\/h5>\n                                    <p class='application-text white'><\/p>\n                                    <p class=\"button primary\">Mehr lesen<\/p>                                <\/a>\n                                                            <\/div>    \n                                                    <div class=\"swiper-slide col-12 col-sm-6 col-lg-3\">\n                                                                <a class=\"application\" href=\"https:\/\/www.vidalco.nl\/de\/anwendungsbereiche\/fertigbau\/\">\n                                                                            <img decoding=\"async\" data-src=\"https:\/\/www.vidalco.nl\/wp-content\/uploads\/2024\/01\/2024-01-30-13_46_28-Window.png\" alt=\"\" src=\"data:image\/svg+xml;base64,PHN2ZyB3aWR0aD0iMSIgaGVpZ2h0PSIxIiB4bWxucz0iaHR0cDovL3d3dy53My5vcmcvMjAwMC9zdmciPjwvc3ZnPg==\" class=\"lazyload\" style=\"--smush-placeholder-width: 1827px; --smush-placeholder-aspect-ratio: 1827\/877;\" \/>\n                                                                        <h5 class='application-title white'>Fertigbau &amp; Industriebau<\/h5>\n                                    <p class='application-text white'><\/p>\n                                    <p class=\"button primary\">Mehr lesen<\/p>                                <\/a>\n                                                            <\/div>    \n                                                    <div class=\"swiper-slide col-12 col-sm-6 col-lg-3\">\n                                                                <a class=\"application\" href=\"https:\/\/www.vidalco.nl\/de\/anwendungsbereiche\/industriell\/\">\n                                                                            <img decoding=\"async\" data-src=\"https:\/\/www.vidalco.nl\/wp-content\/uploads\/2023\/12\/istockphoto-1405457751-612x612-1.jpg\" alt=\"\" src=\"data:image\/svg+xml;base64,PHN2ZyB3aWR0aD0iMSIgaGVpZ2h0PSIxIiB4bWxucz0iaHR0cDovL3d3dy53My5vcmcvMjAwMC9zdmciPjwvc3ZnPg==\" class=\"lazyload\" style=\"--smush-placeholder-width: 408px; --smush-placeholder-aspect-ratio: 408\/612;\" \/>\n                                                                        <h5 class='application-title white'>Renovierung &amp; Transformation<\/h5>\n                                    <p class='application-text white'><\/p>\n                                    <p class=\"button primary\">Mehr lesen<\/p>                                <\/a>\n                                                            <\/div>    \n                                                    <div class=\"swiper-slide col-12 col-sm-6 col-lg-3\">\n                                                                <a class=\"application\" href=\"https:\/\/www.vidalco.nl\/de\/anwendungsbereiche\/versorgungsbau\/\">\n                                                                            <img decoding=\"async\" data-src=\"https:\/\/www.vidalco.nl\/wp-content\/uploads\/2024\/01\/image00010.jpeg\" alt=\"\" src=\"data:image\/svg+xml;base64,PHN2ZyB3aWR0aD0iMSIgaGVpZ2h0PSIxIiB4bWxucz0iaHR0cDovL3d3dy53My5vcmcvMjAwMC9zdmciPjwvc3ZnPg==\" class=\"lazyload\" style=\"--smush-placeholder-width: 1600px; --smush-placeholder-aspect-ratio: 1600\/1066;\" \/>\n                                                                        <h5 class='application-title white'>Versorgungsbau<\/h5>\n                                    <p class='application-text white'><\/p>\n                                    <p class=\"button primary\">Mehr lesen<\/p>                                <\/a>\n                                                            <\/div>    \n                                            <\/div>\n                <\/div>\n                <script>\n                    var swiper = new Swiper(\".application-swiper\", {\n                        slidesPerView: 1.2,\n                        spaceBetween: 30,\n                        loop: false,\n                        breakpoints: {\n                            576: {\n                                slidesPerView: 1.6\n                            },\n                            768: {\n                                slidesPerView: 2.4\n                            },\n                            992: {\n                                slidesPerView: 3.3\n                            },\n                            1200: {\n                                slidesPerView: 4\n                            },\n                        }\n                    });\n                <\/script>\n            <\/div>\n        <\/div>\n    <\/div>\n<\/section><section id=\"vacancies\" class=\"tertiary-background\">\n    <div class=\"container\">\n        <div class=\"row justify-content-center\">\n            <!-- title part -->\n                <div class=\"col-12 text-center\">\n        <p class=\"subtitle\">STELLENANGEBOTE<\/p>        <h2 class=\"default\">Kommen Sie und arbeiten Sie mit uns<\/h2>        <p class=\"subtext default\">Bei VIDALCO sind wir kontinuierlich auf der Suche nach erfahrenen Leistungstr\u00e4gern und Menschen, die das Handwerk erlernen m\u00f6chten, in den folgenden Positionen:<\/p>    <\/div>\n        <\/div>\n        <!-- vacancies -->\n        <div class=\"row justify-content-center after-title gy-4\">\n            <!-- query -->\n            \n                                <div class=\"col-md-6 col-xl-4\">\n                        <a class=\"vacancy\" href=\"https:\/\/www.vidalco.nl\/de\/vacature\/junior-zeichner\/\" title=\"Junior-Zeichner\">\n                            <div class=\"blog-content\">\n                                <p class=\"function-type white\">Kontinuierlich<\/p>\n                                <h5 class=\"title\">\n                                    Junior-Zeichner                                <\/h5>\n                                <p class=\"job-text\">\n                                    <p>In dieser Rolle sind Sie f\u00fcr die Zeichnung von Fu\u00dfbodenheizungssystemen in AutoCAD verantwortlich. Im Laufe der Zeit \u00fcbernehmen Sie auch arbeitsvorbereitende Aufgaben wie Bestellen, Planen und Vorbereiten. <\/p>\n                                <\/p>\n                                <p class=\"button default\">Stellenangebot ansehen<\/p>\n                            <\/div>\n                        <\/a>\n                    <\/div>\n                                    <div class=\"col-md-6 col-xl-4\">\n                        <a class=\"vacancy\" href=\"https:\/\/www.vidalco.nl\/de\/vacature\/vorarbeiter-fuer-fussbodenheizung\/\" title=\"Vorarbeiter f\u00fcr Fu\u00dfbodenheizung\">\n                            <div class=\"blog-content\">\n                                <p class=\"function-type white\">Kontinuierlich<\/p>\n                                <h5 class=\"title\">\n                                    Vorarbeiter f\u00fcr Fu\u00dfbodenheizung                                <\/h5>\n                                <p class=\"job-text\">\n                                    <p>Als Vorarbeiter f\u00fcr Fu\u00dfbodenheizungen sind Sie f\u00fcr die Leitung der Installationsarbeiten, die Leitung eines kleinen Teams und die Sicherstellung der Qualit\u00e4t bei der Installation von Fu\u00dfbodenheizungen verantwortlich. Sie bringen Ihr technisches Fachwissen und Ihre F\u00fchrungsqualit\u00e4ten ein, um zum Wachstum unseres Unternehmens beizutragen. <\/p>\n                                <\/p>\n                                <p class=\"button default\">Stellenangebot ansehen<\/p>\n                            <\/div>\n                        <\/a>\n                    <\/div>\n                                    <div class=\"col-md-6 col-xl-4\">\n                        <a class=\"vacancy\" href=\"https:\/\/www.vidalco.nl\/de\/vacature\/angehender-fussbodenheizungsinstallateur\/\" title=\"Angehender Fu\u00dfbodenheizungsinstallateur\">\n                            <div class=\"blog-content\">\n                                <p class=\"function-type white\">Kontinuierlich<\/p>\n                                <h5 class=\"title\">\n                                    Angehender Fu\u00dfbodenheizungsinstallateur                                <\/h5>\n                                <p class=\"job-text\">\n                                    <p>Als angehender Fu\u00dfbodenheizungstechniker sind Sie in verschiedene Verlegeprozesse eingebunden und k\u00f6nnen auf hervorragende Anstellungsbedingungen, ein angenehmes Arbeitsklima und zahlreiche M\u00f6glichkeiten zur pers\u00f6nlichen Weiterentwicklung und Weiterentwicklung im Unternehmen z\u00e4hlen.<\/p>\n                                <\/p>\n                                <p class=\"button default\">Stellenangebot ansehen<\/p>\n                            <\/div>\n                        <\/a>\n                    <\/div>\n                        <\/div>\n        <!-- read more button -->\n                    <div class=\"row justify-content-center\">\n                <a class=\"button primary more-bottom\" href=\"https:\/\/www.vidalco.nl\/werken-bij\/\">Alle Stellenangebote<\/a>\n            <\/div>\n            <\/div>\n<\/section>","protected":false},"excerpt":{"rendered":"","protected":false},"author":1,"featured_media":1464,"parent":0,"menu_order":0,"comment_status":"closed","ping_status":"closed","template":"","meta":{"_acf_changed":false,"footnotes":""},"class_list":["post-1865","page","type-page","status-publish","has-post-thumbnail","hentry"],"acf":[],"yoast_head":"<!-- This site is optimized with the Yoast SEO plugin v27.4 - https:\/\/yoast.com\/product\/yoast-seo-wordpress\/ -->\n<title>Anwendungsbereiche | Vidalco<\/title>\n<meta name=\"robots\" content=\"index, follow, max-snippet:-1, max-image-preview:large, max-video-preview:-1\" \/>\n<link rel=\"canonical\" href=\"https:\/\/www.vidalco.nl\/de\/anwendungsbereiche\/\" \/>\n<meta property=\"og:locale\" content=\"de_DE\" \/>\n<meta property=\"og:type\" content=\"article\" \/>\n<meta property=\"og:title\" content=\"Anwendungsbereiche | Vidalco\" \/>\n<meta property=\"og:url\" content=\"https:\/\/www.vidalco.nl\/de\/anwendungsbereiche\/\" \/>\n<meta property=\"og:site_name\" content=\"Vidalco\" \/>\n<meta property=\"article:modified_time\" content=\"2024-03-03T17:30:31+00:00\" \/>\n<meta property=\"og:image\" content=\"https:\/\/www.vidalco.nl\/wp-content\/uploads\/2023\/11\/Vidalco-1-1024x683.jpg\" \/>\n\t<meta property=\"og:image:width\" content=\"1024\" \/>\n\t<meta property=\"og:image:height\" content=\"683\" \/>\n\t<meta property=\"og:image:type\" content=\"image\/jpeg\" \/>\n<meta name=\"twitter:card\" content=\"summary_large_image\" \/>\n<script type=\"application\/ld+json\" class=\"yoast-schema-graph\">{\"@context\":\"https:\\\/\\\/schema.org\",\"@graph\":[{\"@type\":\"WebPage\",\"@id\":\"https:\\\/\\\/www.vidalco.nl\\\/de\\\/anwendungsbereiche\\\/\",\"url\":\"https:\\\/\\\/www.vidalco.nl\\\/de\\\/anwendungsbereiche\\\/\",\"name\":\"Anwendungsbereiche | Vidalco\",\"isPartOf\":{\"@id\":\"https:\\\/\\\/www.vidalco.nl\\\/de\\\/#website\"},\"primaryImageOfPage\":{\"@id\":\"https:\\\/\\\/www.vidalco.nl\\\/de\\\/anwendungsbereiche\\\/#primaryimage\"},\"image\":{\"@id\":\"https:\\\/\\\/www.vidalco.nl\\\/de\\\/anwendungsbereiche\\\/#primaryimage\"},\"thumbnailUrl\":\"https:\\\/\\\/www.vidalco.nl\\\/wp-content\\\/uploads\\\/2023\\\/11\\\/Vidalco-1.jpg\",\"datePublished\":\"2023-12-15T12:46:23+00:00\",\"dateModified\":\"2024-03-03T17:30:31+00:00\",\"breadcrumb\":{\"@id\":\"https:\\\/\\\/www.vidalco.nl\\\/de\\\/anwendungsbereiche\\\/#breadcrumb\"},\"inLanguage\":\"de\",\"potentialAction\":[{\"@type\":\"ReadAction\",\"target\":[\"https:\\\/\\\/www.vidalco.nl\\\/de\\\/anwendungsbereiche\\\/\"]}]},{\"@type\":\"ImageObject\",\"inLanguage\":\"de\",\"@id\":\"https:\\\/\\\/www.vidalco.nl\\\/de\\\/anwendungsbereiche\\\/#primaryimage\",\"url\":\"https:\\\/\\\/www.vidalco.nl\\\/wp-content\\\/uploads\\\/2023\\\/11\\\/Vidalco-1.jpg\",\"contentUrl\":\"https:\\\/\\\/www.vidalco.nl\\\/wp-content\\\/uploads\\\/2023\\\/11\\\/Vidalco-1.jpg\",\"width\":6000,\"height\":4000},{\"@type\":\"BreadcrumbList\",\"@id\":\"https:\\\/\\\/www.vidalco.nl\\\/de\\\/anwendungsbereiche\\\/#breadcrumb\",\"itemListElement\":[{\"@type\":\"ListItem\",\"position\":1,\"name\":\"Home\",\"item\":\"https:\\\/\\\/www.vidalco.nl\\\/de\\\/\"},{\"@type\":\"ListItem\",\"position\":2,\"name\":\"Anwendungsbereiche\"}]},{\"@type\":\"WebSite\",\"@id\":\"https:\\\/\\\/www.vidalco.nl\\\/de\\\/#website\",\"url\":\"https:\\\/\\\/www.vidalco.nl\\\/de\\\/\",\"name\":\"Vidalco\",\"description\":\"\",\"potentialAction\":[{\"@type\":\"SearchAction\",\"target\":{\"@type\":\"EntryPoint\",\"urlTemplate\":\"https:\\\/\\\/www.vidalco.nl\\\/de\\\/?s={search_term_string}\"},\"query-input\":{\"@type\":\"PropertyValueSpecification\",\"valueRequired\":true,\"valueName\":\"search_term_string\"}}],\"inLanguage\":\"de\"}]}<\/script>\n<!-- \/ Yoast SEO plugin. -->","yoast_head_json":{"title":"Anwendungsbereiche | Vidalco","robots":{"index":"index","follow":"follow","max-snippet":"max-snippet:-1","max-image-preview":"max-image-preview:large","max-video-preview":"max-video-preview:-1"},"canonical":"https:\/\/www.vidalco.nl\/de\/anwendungsbereiche\/","og_locale":"de_DE","og_type":"article","og_title":"Anwendungsbereiche | Vidalco","og_url":"https:\/\/www.vidalco.nl\/de\/anwendungsbereiche\/","og_site_name":"Vidalco","article_modified_time":"2024-03-03T17:30:31+00:00","og_image":[{"width":1024,"height":683,"url":"https:\/\/www.vidalco.nl\/wp-content\/uploads\/2023\/11\/Vidalco-1-1024x683.jpg","type":"image\/jpeg"}],"twitter_card":"summary_large_image","schema":{"@context":"https:\/\/schema.org","@graph":[{"@type":"WebPage","@id":"https:\/\/www.vidalco.nl\/de\/anwendungsbereiche\/","url":"https:\/\/www.vidalco.nl\/de\/anwendungsbereiche\/","name":"Anwendungsbereiche | Vidalco","isPartOf":{"@id":"https:\/\/www.vidalco.nl\/de\/#website"},"primaryImageOfPage":{"@id":"https:\/\/www.vidalco.nl\/de\/anwendungsbereiche\/#primaryimage"},"image":{"@id":"https:\/\/www.vidalco.nl\/de\/anwendungsbereiche\/#primaryimage"},"thumbnailUrl":"https:\/\/www.vidalco.nl\/wp-content\/uploads\/2023\/11\/Vidalco-1.jpg","datePublished":"2023-12-15T12:46:23+00:00","dateModified":"2024-03-03T17:30:31+00:00","breadcrumb":{"@id":"https:\/\/www.vidalco.nl\/de\/anwendungsbereiche\/#breadcrumb"},"inLanguage":"de","potentialAction":[{"@type":"ReadAction","target":["https:\/\/www.vidalco.nl\/de\/anwendungsbereiche\/"]}]},{"@type":"ImageObject","inLanguage":"de","@id":"https:\/\/www.vidalco.nl\/de\/anwendungsbereiche\/#primaryimage","url":"https:\/\/www.vidalco.nl\/wp-content\/uploads\/2023\/11\/Vidalco-1.jpg","contentUrl":"https:\/\/www.vidalco.nl\/wp-content\/uploads\/2023\/11\/Vidalco-1.jpg","width":6000,"height":4000},{"@type":"BreadcrumbList","@id":"https:\/\/www.vidalco.nl\/de\/anwendungsbereiche\/#breadcrumb","itemListElement":[{"@type":"ListItem","position":1,"name":"Home","item":"https:\/\/www.vidalco.nl\/de\/"},{"@type":"ListItem","position":2,"name":"Anwendungsbereiche"}]},{"@type":"WebSite","@id":"https:\/\/www.vidalco.nl\/de\/#website","url":"https:\/\/www.vidalco.nl\/de\/","name":"Vidalco","description":"","potentialAction":[{"@type":"SearchAction","target":{"@type":"EntryPoint","urlTemplate":"https:\/\/www.vidalco.nl\/de\/?s={search_term_string}"},"query-input":{"@type":"PropertyValueSpecification","valueRequired":true,"valueName":"search_term_string"}}],"inLanguage":"de"}]}},"_links":{"self":[{"href":"https:\/\/www.vidalco.nl\/de\/wp-json\/wp\/v2\/pages\/1865","targetHints":{"allow":["GET"]}}],"collection":[{"href":"https:\/\/www.vidalco.nl\/de\/wp-json\/wp\/v2\/pages"}],"about":[{"href":"https:\/\/www.vidalco.nl\/de\/wp-json\/wp\/v2\/types\/page"}],"author":[{"embeddable":true,"href":"https:\/\/www.vidalco.nl\/de\/wp-json\/wp\/v2\/users\/1"}],"replies":[{"embeddable":true,"href":"https:\/\/www.vidalco.nl\/de\/wp-json\/wp\/v2\/comments?post=1865"}],"version-history":[{"count":0,"href":"https:\/\/www.vidalco.nl\/de\/wp-json\/wp\/v2\/pages\/1865\/revisions"}],"wp:featuredmedia":[{"embeddable":true,"href":"https:\/\/www.vidalco.nl\/de\/wp-json\/wp\/v2\/media\/1464"}],"wp:attachment":[{"href":"https:\/\/www.vidalco.nl\/de\/wp-json\/wp\/v2\/media?parent=1865"}],"curies":[{"name":"wp","href":"https:\/\/api.w.org\/{rel}","templated":true}]}}