{"id":1834,"date":"2023-12-15T12:29:41","date_gmt":"2023-12-15T12:29:41","guid":{"rendered":"https:\/\/www.vidalco.nl\/?page_id=1834"},"modified":"2024-03-03T17:46:50","modified_gmt":"2024-03-03T17:46:50","slug":"datenschutzrichtlinie","status":"publish","type":"page","link":"https:\/\/www.vidalco.nl\/de\/datenschutzrichtlinie\/","title":{"rendered":"Datenschutzrichtlinie"},"content":{"rendered":"<section class=\"content tertiary-background\">\n    <div class=\"container\">\n      \n\n<p>FIRMENNAME mit Sitz in STRASSE NAME NUMMER ist f\u00fcr die Verarbeitung personenbezogener Daten gem\u00e4\u00df dieser Datenschutzerkl\u00e4rung verantwortlich.<\/p>\n\n\n\n<p>Kontaktdetails:<\/p>\n\n\n\n<p>WEBSEITE<\/p>\n\n\n\n<p>STRASSE NAME NUMMER<\/p>\n\n\n\n<p>POSTLEITZAHL STADT<\/p>\n\n\n\n<p>TELEFONNUMMER<\/p>\n\n\n\n<h2 class=\"wp-block-heading\">Personenbezogene Daten, die wir verarbeiten<\/h2>\n\n\n\n<p>FIRMENNAME verarbeitet Ihre personenbezogenen Daten, weil Sie unsere Dienste nutzen und\/oder weil Sie uns diese Daten selbst zur Verf\u00fcgung stellen. Nachfolgend finden Sie eine \u00dcbersicht \u00fcber die von uns verarbeiteten personenbezogenen Daten:<\/p>\n\n\n<div class=\"list-block\">\n    <ul class=\"list-ul \">\n                    <li class=\"list-li\">\n            <span>Vor-und Nachname<\/span><\/li>            <li class=\"list-li\">\n            <span>E-Mail-Adresse<\/span><\/li>            <li class=\"list-li\">\n            <span>Telefonnummer<\/span><\/li>            <li class=\"list-li\">\n            <span>IP Adresse<\/span><\/li>            <li class=\"list-li\">\n            <span>Daten \u00fcber Ihr Surfverhalten auf verschiedenen Websites<\/span><\/li>            <li class=\"list-li\">\n            <span>Internetbrowser und Ger\u00e4tetyp<\/span><\/li>    <\/ul>\n<\/div>\n\n\n<h2 class=\"wp-block-heading\">Besondere und\/oder sensible personenbezogene Daten, die wir verarbeiten<\/h2>\n\n\n\n<p>Unsere Website und\/oder unser Dienst beabsichtigen nicht, Daten \u00fcber Website-Besucher zu sammeln, die j\u00fcnger als 16 Jahre sind, es sei denn, sie haben die Erlaubnis ihrer Eltern oder Erziehungsberechtigten. Wir k\u00f6nnen jedoch nicht \u00fcberpr\u00fcfen, ob ein Besucher \u00e4lter als 16 Jahre ist. Wir empfehlen daher, dass Eltern in die Online-Aktivit\u00e4ten ihrer Kinder einbezogen werden, um zu verhindern, dass Daten \u00fcber Kinder ohne Zustimmung der Eltern erfasst werden. Wenn Sie davon \u00fcberzeugt sind, dass wir ohne diese Einwilligung personenbezogene Daten eines Minderj\u00e4hrigen gesammelt haben, kontaktieren Sie uns bitte \u00fcber E-MAIL-ADRESSE und wir werden diese Daten l\u00f6schen.<\/p>\n\n\n\n<h2 class=\"wp-block-heading\">Zu welchem \u200b\u200bZweck und auf welcher Grundlage verarbeiten wir personenbezogene Daten?<\/h2>\n\n\n\n<p>FIRMENNAME verarbeitet Ihre personenbezogenen Daten f\u00fcr folgende Zwecke:<\/p>\n\n\n<div class=\"list-block\">\n    <ul class=\"list-ul \">\n                    <li class=\"list-li\">\n            <span>Versenden unseres Newsletters und\/oder unserer Werbebrosch\u00fcre<\/span><\/li>            <li class=\"list-li\">\n            <span>Um Ihnen E-Mails senden zu k\u00f6nnen, wenn dies f\u00fcr die Bereitstellung unserer Dienste erforderlich ist<\/span><\/li>            <li class=\"list-li\">\n            <span>FIRMENNAME verfolgt Ihr Surfverhalten auf verschiedenen Websites, mit denen wir unsere Produkte und Dienstleistungen an Ihre Bed\u00fcrfnisse anpassen.<\/span><\/li>    <\/ul>\n<\/div>\n\n\n<h2 class=\"wp-block-heading\">Automatisierte Entscheidungsfindung<\/h2>\n\n\n\n<p>FIRMENNAME trifft keine Entscheidungen auf der Grundlage einer automatisierten Verarbeitung in Angelegenheiten, die (erhebliche) Folgen f\u00fcr Menschen haben k\u00f6nnten. Hierbei handelt es sich um Entscheidungen, die von Computerprogrammen oder -systemen getroffen werden, ohne dass ein Mensch beteiligt ist (z. B. ein Mitarbeiter von FIRMENNAME).<\/p>\n\n\n\n<h2 class=\"wp-block-heading\">Wie lange wir personenbezogene Daten aufbewahren<\/h2>\n\n\n\n<p>FIRMENNAME speichert Ihre personenbezogenen Daten nicht l\u00e4nger als n\u00f6tig, um die Zwecke zu erreichen, f\u00fcr die Ihre Daten erhoben werden. Wir tun dies f\u00fcr eine gute Verwaltung unserer Arbeit und Kommunikation. Nach Beendigung der Zusammenarbeit bewahren wir die Daten maximal 2 Monate auf. F\u00fcr rechtliche Verpflichtungen verwenden wir Rechtsbegriffe.<\/p>\n\n\n\n<h2 class=\"wp-block-heading\">Weitergabe personenbezogener Daten an Dritte<\/h2>\n\n\n\n<p>FIRMENNAME verkauft Ihre Daten nicht an Dritte und gibt sie nur dann weiter, wenn dies f\u00fcr die Ausf\u00fchrung unserer Vereinbarung mit Ihnen oder zur Einhaltung einer gesetzlichen Verpflichtung erforderlich ist. Wir schlie\u00dfen einen Verarbeitungsvertrag mit Unternehmen ab, die Ihre Daten in unserem Auftrag verarbeiten, um das gleiche Ma\u00df an Sicherheit und Vertraulichkeit Ihrer Daten zu gew\u00e4hrleisten. F\u00fcr diese Verarbeitungsvorg\u00e4nge bleibt FIRMENNAME verantwortlich.<\/p>\n\n\n\n<h2 class=\"wp-block-heading\">Cookies oder \u00e4hnliche Techniken, die wir verwenden<\/h2>\n\n\n\n<p>FIRMENNAME verwendet funktionale, analytische und Tracking-Cookies. Ein Cookie ist eine kleine Textdatei, die beim ersten Besuch dieser Website im Browser Ihres Computers, Tablets oder Smartphones gespeichert wird. FIRMENNAME verwendet Cookies mit rein technischer Funktionalit\u00e4t. Diese stellen sicher, dass die Website ordnungsgem\u00e4\u00df funktioniert und dass beispielsweise Ihre Pr\u00e4ferenzeinstellungen gespeichert werden. Diese Cookies dienen auch dazu, die ordnungsgem\u00e4\u00dfe Funktion der Website sicherzustellen und zu optimieren. Wir platzieren auch Cookies, die Ihr Surfverhalten verfolgen, damit wir ma\u00dfgeschneiderte Inhalte und Werbung anbieten k\u00f6nnen. Bei Ihrem ersten Besuch auf unserer Website haben wir Sie bereits \u00fcber diese Cookies informiert und um Ihre Erlaubnis gebeten, diese zu platzieren. Sie k\u00f6nnen sich von Cookies abmelden, indem Sie Ihren Internetbrowser so einstellen, dass er keine Cookies mehr speichert. Dar\u00fcber hinaus k\u00f6nnen Sie \u00fcber die Einstellungen Ihres Browsers auch alle zuvor gespeicherten Informationen l\u00f6schen. Siehe f\u00fcr eine Erkl\u00e4rung: <a href=\"https:\/\/veiliginternetten.nl\/themes\/situatie\/cookies-wat-zijn-het-en-wat-doe-ik-ermee\/\">https:\/\/veiliginternetten.nl\/themes\/situatie\/cookies-wat-zijn-het-en-wat-doe-ik-ermee\/<\/a><\/p>\n\n\n\n<h2 class=\"wp-block-heading\">Daten einsehen, anpassen oder l\u00f6schen<\/h2>\n\n\n\n<p>Sie haben das Recht, Ihre personenbezogenen Daten einzusehen, zu korrigieren oder zu l\u00f6schen. Dar\u00fcber hinaus haben Sie das Recht, Ihre Einwilligung zur Datenverarbeitung zu widerrufen oder der Verarbeitung Ihrer personenbezogenen Daten durch NAME COMPANY zu widersprechen, und Sie haben das Recht auf Daten\u00fcbertragbarkeit. Das bedeutet, dass Sie bei uns einen Antrag stellen k\u00f6nnen, die personenbezogenen Daten, die wir \u00fcber Sie haben, in einer Computerdatei an Sie oder eine andere von Ihnen genannte Organisation zu senden. Sie k\u00f6nnen einen Antrag auf Zugriff, Berichtigung, L\u00f6schung, Daten\u00fcbertragung Ihrer personenbezogenen Daten oder einen Antrag auf Widerruf Ihrer Einwilligung oder Widerspruch gegen die Verarbeitung Ihrer personenbezogenen Daten an die E-MAIL-ADRESSE senden. Um sicherzustellen, dass die Zugangsanfrage von Ihnen stammt, bitten wir Sie, der Anfrage eine Kopie Ihres Identit\u00e4tsnachweises beizuf\u00fcgen. Machen Sie in dieser Kopie Ihr Passfoto, die MRZ (maschinenlesbare Zone, der Streifen mit den Zahlen am unteren Rand des Passes), die Passnummer und die B\u00fcrgerservicenummer (BSN) schwarz. Dies dient dem Schutz Ihrer Privatsph\u00e4re. Wir werden Ihre Anfrage schnellstm\u00f6glich, jedoch innerhalb von vier Wochen, beantworten. FIRMENNAME m\u00f6chte Sie au\u00dferdem darauf hinweisen, dass Sie die M\u00f6glichkeit haben, eine Beschwerde bei der nationalen Aufsichtsbeh\u00f6rde, der niederl\u00e4ndischen Datenschutzbeh\u00f6rde, einzureichen. Dies kann \u00fcber den folgenden Link erfolgen: <a href=\"https:\/\/autoriteitpersoonsgegevens.nl\/nl\/contact-met-de-autoriteit-persoonsgegevens\/tip-ons\">https:\/\/autoriteitpersoonsgegevens.nl\/nl\/contact-met-de-autoriteit-persoonsgegevens\/tip-ons\/<\/a><\/p>\n\n\n\n<h2 class=\"wp-block-heading\">Wie wir personenbezogene Daten sch\u00fctzen<\/h2>\n\n\n\n<p>FIRMENNAME nimmt den Schutz Ihrer Daten ernst und ergreift geeignete Ma\u00dfnahmen, um Missbrauch, Verlust, unbefugten Zugriff, unerw\u00fcnschte Offenlegung und unbefugte \u00c4nderung zu verhindern. Sollten Sie den Eindruck haben, dass Ihre Daten nicht ausreichend gesichert sind oder Anhaltspunkte f\u00fcr einen Missbrauch vorliegen, kontaktieren Sie uns bitte \u00fcber E-MAIL-ADRESSE. Wenn wir eine Datenschutzverletzung feststellen, werden wir die Beteiligten schnellstm\u00f6glich informieren.<\/p>\n\n\n    <\/div>\n<\/section>","protected":false},"excerpt":{"rendered":"","protected":false},"author":1,"featured_media":0,"parent":0,"menu_order":0,"comment_status":"closed","ping_status":"closed","template":"page-title.php","meta":{"_acf_changed":false,"footnotes":""},"class_list":["post-1834","page","type-page","status-publish","hentry"],"acf":[],"yoast_head":"<!-- This site is optimized with the Yoast SEO plugin v27.4 - https:\/\/yoast.com\/product\/yoast-seo-wordpress\/ -->\n<title>Datenschutzrichtlinie | Vidalco<\/title>\n<meta name=\"robots\" content=\"index, follow, max-snippet:-1, max-image-preview:large, max-video-preview:-1\" \/>\n<link rel=\"canonical\" href=\"https:\/\/www.vidalco.nl\/de\/datenschutzrichtlinie\/\" \/>\n<meta property=\"og:locale\" content=\"de_DE\" \/>\n<meta property=\"og:type\" content=\"article\" \/>\n<meta property=\"og:title\" content=\"Datenschutzrichtlinie | Vidalco\" \/>\n<meta property=\"og:url\" content=\"https:\/\/www.vidalco.nl\/de\/datenschutzrichtlinie\/\" \/>\n<meta property=\"og:site_name\" content=\"Vidalco\" \/>\n<meta property=\"article:modified_time\" content=\"2024-03-03T17:46:50+00:00\" \/>\n<meta name=\"twitter:card\" content=\"summary_large_image\" \/>\n<meta name=\"twitter:label1\" content=\"Gesch\u00e4tzte Lesezeit\" \/>\n\t<meta name=\"twitter:data1\" content=\"4\u00a0Minuten\" \/>\n<script type=\"application\/ld+json\" class=\"yoast-schema-graph\">{\"@context\":\"https:\\\/\\\/schema.org\",\"@graph\":[{\"@type\":\"WebPage\",\"@id\":\"https:\\\/\\\/www.vidalco.nl\\\/de\\\/datenschutzrichtlinie\\\/\",\"url\":\"https:\\\/\\\/www.vidalco.nl\\\/de\\\/datenschutzrichtlinie\\\/\",\"name\":\"Datenschutzrichtlinie | Vidalco\",\"isPartOf\":{\"@id\":\"https:\\\/\\\/www.vidalco.nl\\\/de\\\/#website\"},\"datePublished\":\"2023-12-15T12:29:41+00:00\",\"dateModified\":\"2024-03-03T17:46:50+00:00\",\"breadcrumb\":{\"@id\":\"https:\\\/\\\/www.vidalco.nl\\\/de\\\/datenschutzrichtlinie\\\/#breadcrumb\"},\"inLanguage\":\"de\",\"potentialAction\":[{\"@type\":\"ReadAction\",\"target\":[\"https:\\\/\\\/www.vidalco.nl\\\/de\\\/datenschutzrichtlinie\\\/\"]}]},{\"@type\":\"BreadcrumbList\",\"@id\":\"https:\\\/\\\/www.vidalco.nl\\\/de\\\/datenschutzrichtlinie\\\/#breadcrumb\",\"itemListElement\":[{\"@type\":\"ListItem\",\"position\":1,\"name\":\"Home\",\"item\":\"https:\\\/\\\/www.vidalco.nl\\\/de\\\/\"},{\"@type\":\"ListItem\",\"position\":2,\"name\":\"Datenschutzrichtlinie\"}]},{\"@type\":\"WebSite\",\"@id\":\"https:\\\/\\\/www.vidalco.nl\\\/de\\\/#website\",\"url\":\"https:\\\/\\\/www.vidalco.nl\\\/de\\\/\",\"name\":\"Vidalco\",\"description\":\"\",\"potentialAction\":[{\"@type\":\"SearchAction\",\"target\":{\"@type\":\"EntryPoint\",\"urlTemplate\":\"https:\\\/\\\/www.vidalco.nl\\\/de\\\/?s={search_term_string}\"},\"query-input\":{\"@type\":\"PropertyValueSpecification\",\"valueRequired\":true,\"valueName\":\"search_term_string\"}}],\"inLanguage\":\"de\"}]}<\/script>\n<!-- \/ Yoast SEO plugin. -->","yoast_head_json":{"title":"Datenschutzrichtlinie | Vidalco","robots":{"index":"index","follow":"follow","max-snippet":"max-snippet:-1","max-image-preview":"max-image-preview:large","max-video-preview":"max-video-preview:-1"},"canonical":"https:\/\/www.vidalco.nl\/de\/datenschutzrichtlinie\/","og_locale":"de_DE","og_type":"article","og_title":"Datenschutzrichtlinie | Vidalco","og_url":"https:\/\/www.vidalco.nl\/de\/datenschutzrichtlinie\/","og_site_name":"Vidalco","article_modified_time":"2024-03-03T17:46:50+00:00","twitter_card":"summary_large_image","twitter_misc":{"Gesch\u00e4tzte Lesezeit":"4\u00a0Minuten"},"schema":{"@context":"https:\/\/schema.org","@graph":[{"@type":"WebPage","@id":"https:\/\/www.vidalco.nl\/de\/datenschutzrichtlinie\/","url":"https:\/\/www.vidalco.nl\/de\/datenschutzrichtlinie\/","name":"Datenschutzrichtlinie | Vidalco","isPartOf":{"@id":"https:\/\/www.vidalco.nl\/de\/#website"},"datePublished":"2023-12-15T12:29:41+00:00","dateModified":"2024-03-03T17:46:50+00:00","breadcrumb":{"@id":"https:\/\/www.vidalco.nl\/de\/datenschutzrichtlinie\/#breadcrumb"},"inLanguage":"de","potentialAction":[{"@type":"ReadAction","target":["https:\/\/www.vidalco.nl\/de\/datenschutzrichtlinie\/"]}]},{"@type":"BreadcrumbList","@id":"https:\/\/www.vidalco.nl\/de\/datenschutzrichtlinie\/#breadcrumb","itemListElement":[{"@type":"ListItem","position":1,"name":"Home","item":"https:\/\/www.vidalco.nl\/de\/"},{"@type":"ListItem","position":2,"name":"Datenschutzrichtlinie"}]},{"@type":"WebSite","@id":"https:\/\/www.vidalco.nl\/de\/#website","url":"https:\/\/www.vidalco.nl\/de\/","name":"Vidalco","description":"","potentialAction":[{"@type":"SearchAction","target":{"@type":"EntryPoint","urlTemplate":"https:\/\/www.vidalco.nl\/de\/?s={search_term_string}"},"query-input":{"@type":"PropertyValueSpecification","valueRequired":true,"valueName":"search_term_string"}}],"inLanguage":"de"}]}},"_links":{"self":[{"href":"https:\/\/www.vidalco.nl\/de\/wp-json\/wp\/v2\/pages\/1834","targetHints":{"allow":["GET"]}}],"collection":[{"href":"https:\/\/www.vidalco.nl\/de\/wp-json\/wp\/v2\/pages"}],"about":[{"href":"https:\/\/www.vidalco.nl\/de\/wp-json\/wp\/v2\/types\/page"}],"author":[{"embeddable":true,"href":"https:\/\/www.vidalco.nl\/de\/wp-json\/wp\/v2\/users\/1"}],"replies":[{"embeddable":true,"href":"https:\/\/www.vidalco.nl\/de\/wp-json\/wp\/v2\/comments?post=1834"}],"version-history":[{"count":0,"href":"https:\/\/www.vidalco.nl\/de\/wp-json\/wp\/v2\/pages\/1834\/revisions"}],"wp:attachment":[{"href":"https:\/\/www.vidalco.nl\/de\/wp-json\/wp\/v2\/media?parent=1834"}],"curies":[{"name":"wp","href":"https:\/\/api.w.org\/{rel}","templated":true}]}}