{"id":1825,"date":"2023-12-15T12:09:59","date_gmt":"2023-12-15T12:09:59","guid":{"rendered":"https:\/\/www.vidalco.nl\/?page_id=1825"},"modified":"2024-03-03T17:44:45","modified_gmt":"2024-03-03T17:44:45","slug":"vorgefertigte-module","status":"publish","type":"page","link":"https:\/\/www.vidalco.nl\/de\/vorgefertigte-module\/","title":{"rendered":"Vorgefertigte Module"},"content":{"rendered":"\n<section class=\"hero lazyload\" \n        style=\"background:inherit\" data-bg=\"url(&#039;https:\/\/www.vidalco.nl\/wp-content\/uploads\/2023\/11\/Vidalco-1-2.jpg&#039;) no-repeat center \/ cover\">\n    <div class=\"overlay-video\">\n            <\/div>\n    <div class=\"overlay\"><\/div>\n    <div class=\"container \">\n        <div class=\"row justify-content-start text-center position-relative \">\n            <div class=\"col-12\">\n                <p class=\"subtitle\">Vorgefertigte Module<\/p>\n                <h1 class=\"white\">Modularer Aufbau<\/h1>\n                                    <p class=\"hero-subtext pt-3 fs-5 lh-base white\">Vidalco-Fertigmodule sind der neue Standard beim Heizen und K\u00fchlen von B\u00f6den, W\u00e4nden, Decken und der Betonkernaktivierung.<\/p>\n                                            <\/div>\n        <\/div>\n    <\/div>\n<\/section>\n\n\n\n<section id=\"breadcrumbs\" class=\"primary-background\">\n\t<div class=\"container\">\n\t\t<div class=\"row\">\n\t\t\t<div class=\"col-12\">\n\t\t\t<span id=\"breadcrumbs-wrapper\"><span><span><a href=\"https:\/\/www.vidalco.nl\/de\/\">Home<\/a><\/span><\/span><\/span>\t\t\t<\/div>\n\t\t<\/div>\n\t<\/div>\n<\/section>\n\n\n<section id=\"process\" class=\"primary-background position-relative\">\n        <div class=\"container position-relative z-index\">\n        <div class=\"row\">\n            <!-- title part -->\n            <div class=\"col-12\"><p class=\"subtitle\">WIE ES FUNKTIONIERT<\/p><\/div><div class=\"col-12 col-lg-6\"><h2 class=\"default\">Unsere Module sind die Antwort auf zirkul\u00e4res, industrielles und modulares Bauen.<\/h2><\/div><div class=\"col-12 col-lg-6 subtext-wrapper\"><p class=\"subtext default\">VIDALCO-Fertigmodule sind der neue Standard beim Heizen und K\u00fchlen von B\u00f6den, W\u00e4nden, Decken und der Betonkernaktivierung. Die VIDALCO Prefab-Module bieten sowohl f\u00fcr den Endbenutzer als auch f\u00fcr die Installationsparteien mehrere Vorteile.<\/p><\/div>            <!-- process slider -->\n            <div class=\"col-12 after-title\">\n                <div class=\"process-swiper-wrapper\">\n                    <div class=\"process-slide-pointer\"><\/div>\n                                            <div class=\"process-pagination\" tabindex=\"0\" data-number=\"1\"><span>1<\/span>Entwerfen<\/div>\n                        <div class=\"process-slide\">\n                            <div class=\"slide-inner-wrapper\">\n                                <div class=\"image-wrapper\">\n                                                                            <img decoding=\"async\" data-src=\"https:\/\/www.vidalco.nl\/wp-content\/uploads\/2023\/11\/Vidalco-10-1.jpg\" alt=\"\" src=\"data:image\/svg+xml;base64,PHN2ZyB3aWR0aD0iMSIgaGVpZ2h0PSIxIiB4bWxucz0iaHR0cDovL3d3dy53My5vcmcvMjAwMC9zdmciPjwvc3ZnPg==\" class=\"lazyload\" style=\"--smush-placeholder-width: 1920px; --smush-placeholder-aspect-ratio: 1920\/1514;\" \/>\n                                                                    <\/div>\n                                <div class=\"process-slide-content order-lg-first\">\n                                    <p class=\"subtitle\">Entwerfen<\/p>\n                                    <h3>Entwurf und Berechnung \u00fcber unser eigenes Zeichentool<\/h3>\n<p>Die Produktion der Module erfolgt direkt aus einer digitalen Arbeitsumgebung, 3D in Autocad oder Revit, im gew\u00fcnschten Verlegemuster.<\/p>\n<ul>\n<li>Entwurf und Berechnung \u00fcber unser eigenes Zeichentool<\/li>\n<li>Schnell und effizient<\/li>\n<li>Eigenes Team erfahrener Designer<\/li>\n<\/ul>\n                                                                    <\/div>\n                            <\/div>\n                        <\/div>\n                                            <div class=\"process-pagination\" tabindex=\"0\" data-number=\"2\"><span>2<\/span>Produktion<\/div>\n                        <div class=\"process-slide\">\n                            <div class=\"slide-inner-wrapper\">\n                                <div class=\"image-wrapper\">\n                                                                            <img decoding=\"async\" data-src=\"https:\/\/www.vidalco.nl\/wp-content\/uploads\/2023\/11\/Vidalco-4-1.jpg\" alt=\"\" src=\"data:image\/svg+xml;base64,PHN2ZyB3aWR0aD0iMSIgaGVpZ2h0PSIxIiB4bWxucz0iaHR0cDovL3d3dy53My5vcmcvMjAwMC9zdmciPjwvc3ZnPg==\" class=\"lazyload\" style=\"--smush-placeholder-width: 1920px; --smush-placeholder-aspect-ratio: 1920\/1280;\" \/>\n                                                                    <\/div>\n                                <div class=\"process-slide-content order-lg-first\">\n                                    <p class=\"subtitle\">Produktion<\/p>\n                                    <h3>Komplett vorgefertigtes Kreislaufprodukt<\/h3>\n<p>Die Produktion erfolgt vollst\u00e4ndig automatisiert, wodurch die erforderliche Produktionszeit auf der Baustelle oder in der Werkstatt auf ein Minimum reduziert werden kann.<\/p>\n<ul>\n<li>Komplett vorgefertigtes Produkt<\/li>\n<li>Von Autocad und Revit gesteuerter Roboter<\/li>\n<li>Geeignet f\u00fcr alle Geb\u00e4udesysteme<\/li>\n<\/ul>\n                                                                    <\/div>\n                            <\/div>\n                        <\/div>\n                                            <div class=\"process-pagination\" tabindex=\"0\" data-number=\"3\"><span>3<\/span>Lieferung<\/div>\n                        <div class=\"process-slide\">\n                            <div class=\"slide-inner-wrapper\">\n                                <div class=\"image-wrapper\">\n                                                                            <img decoding=\"async\" data-src=\"https:\/\/www.vidalco.nl\/wp-content\/uploads\/2024\/01\/b30c6023-f3ea-463f-9c5f-b13b6ba46bef.jpg\" alt=\"\" src=\"data:image\/svg+xml;base64,PHN2ZyB3aWR0aD0iMSIgaGVpZ2h0PSIxIiB4bWxucz0iaHR0cDovL3d3dy53My5vcmcvMjAwMC9zdmciPjwvc3ZnPg==\" class=\"lazyload\" style=\"--smush-placeholder-width: 1920px; --smush-placeholder-aspect-ratio: 1920\/1440;\" \/>\n                                                                    <\/div>\n                                <div class=\"process-slide-content order-lg-first\">\n                                    <p class=\"subtitle\">Lieferung<\/p>\n                                    <h3>Module auf einer Rolle, die sich sehr effizient transportieren lassen<\/h3>\n<p>Die Module werden auf einer Rolle geliefert und sind daher sehr effizient zu transportieren und zu verarbeiten.<\/p>\n<ul>\n<li>Minimaler CO2-Fu\u00dfabdruck<\/li>\n<li>Leichter Stahlgittertr\u00e4ger<\/li>\n<\/ul>\n                                                                    <\/div>\n                            <\/div>\n                        <\/div>\n                                            <div class=\"process-pagination\" tabindex=\"0\" data-number=\"4\"><span>4<\/span>Installation<\/div>\n                        <div class=\"process-slide\">\n                            <div class=\"slide-inner-wrapper\">\n                                <div class=\"image-wrapper\">\n                                                                            <img decoding=\"async\" data-src=\"https:\/\/www.vidalco.nl\/wp-content\/uploads\/2023\/11\/EN4E3057-1.jpg\" alt=\"\" src=\"data:image\/svg+xml;base64,PHN2ZyB3aWR0aD0iMSIgaGVpZ2h0PSIxIiB4bWxucz0iaHR0cDovL3d3dy53My5vcmcvMjAwMC9zdmciPjwvc3ZnPg==\" class=\"lazyload\" style=\"--smush-placeholder-width: 1920px; --smush-placeholder-aspect-ratio: 1920\/1280;\" \/>\n                                                                    <\/div>\n                                <div class=\"process-slide-content order-lg-first\">\n                                    <p class=\"subtitle\">Installation<\/p>\n                                    <h3>Ergonomische Installation des Systems<\/h3>\n<p>Nach dem Ausrollen bleiben die Module flach, so dass wir bei den meisten Arten von Abschlussb\u00f6den nur eine minimale Befestigung am Untergrund vornehmen m\u00fcssen.<\/p>\n<ul>\n<li>Kurze Installationszeit durch effiziente Installationsmethode<\/li>\n<li>Auf der Baustelle flie\u00dfen keine Abf\u00e4lle<\/li>\n<li>Verlegen ohne k\u00f6rperliche Anstrengung f\u00fcr den Monteur<\/li>\n<\/ul>\n                                                                    <\/div>\n                            <\/div>\n                        <\/div>\n                                    <\/div>\n                <script>\n                    document.querySelector('.process-pagination').classList.add('active');\n                    document.querySelector('.process-slide').classList.add('active');\n                    let slides = document.querySelectorAll('.process-slide');\n                    slides.forEach((elem, index) => {\n                        if (index == 0) { return; }\n                        elem.style.left = '100%';\n                    });\n                <\/script>\n            <\/div>\n            <!-- after text with reference -->\n            <div class=\"col-12 line-after\">\n                <div class=\"text-wrapper\">\n                    <p>Mit unseren Fertigprodukten haben wir bereits \u00fcber <strong>450 Projekte<\/strong> f\u00fcr unsere Kunden, Bauunternehmer und Installationsbetriebe umgesetzt. <a href=\"https:\/\/www.vidalco.nl\/de\/verweise\/\">Referenzen ansehen<\/a><\/p>\n                <\/div>\n                                    <div class=\"brands\">\n                        <div class=\"brands-wrapper\">\n                                                            <div class=\"brand\"><img decoding=\"async\" data-src=\"https:\/\/www.vidalco.nl\/wp-content\/uploads\/2023\/10\/cropped-Logo_MBS-Groep-1-600x168-1.png\" src=\"data:image\/svg+xml;base64,PHN2ZyB3aWR0aD0iMSIgaGVpZ2h0PSIxIiB4bWxucz0iaHR0cDovL3d3dy53My5vcmcvMjAwMC9zdmciPjwvc3ZnPg==\" class=\"lazyload\" style=\"--smush-placeholder-width: 135px; --smush-placeholder-aspect-ratio: 135\/63;\" \/><\/div>\n                                                            <div class=\"brand\"><img decoding=\"async\" data-src=\"https:\/\/www.vidalco.nl\/wp-content\/uploads\/2023\/10\/technische-unie.png\" src=\"data:image\/svg+xml;base64,PHN2ZyB3aWR0aD0iMSIgaGVpZ2h0PSIxIiB4bWxucz0iaHR0cDovL3d3dy53My5vcmcvMjAwMC9zdmciPjwvc3ZnPg==\" class=\"lazyload\" style=\"--smush-placeholder-width: 135px; --smush-placeholder-aspect-ratio: 135\/63;\" \/><\/div>\n                                                            <div class=\"brand\"><img decoding=\"async\" data-src=\"https:\/\/www.vidalco.nl\/wp-content\/uploads\/2023\/11\/BAM-Nederland-logo.jpg\" src=\"data:image\/svg+xml;base64,PHN2ZyB3aWR0aD0iMSIgaGVpZ2h0PSIxIiB4bWxucz0iaHR0cDovL3d3dy53My5vcmcvMjAwMC9zdmciPjwvc3ZnPg==\" class=\"lazyload\" style=\"--smush-placeholder-width: 1920px; --smush-placeholder-aspect-ratio: 1920\/685;\" \/><\/div>\n                                                            <div class=\"brand\"><img decoding=\"async\" data-src=\"https:\/\/www.vidalco.nl\/wp-content\/uploads\/2023\/11\/Groothuis-Emmeloord-logo-e1702245930222.jpg\" src=\"data:image\/svg+xml;base64,PHN2ZyB3aWR0aD0iMSIgaGVpZ2h0PSIxIiB4bWxucz0iaHR0cDovL3d3dy53My5vcmcvMjAwMC9zdmciPjwvc3ZnPg==\" class=\"lazyload\" style=\"--smush-placeholder-width: 300px; --smush-placeholder-aspect-ratio: 300\/110;\" \/><\/div>\n                                                            <div class=\"brand\"><img decoding=\"async\" data-src=\"https:\/\/www.vidalco.nl\/wp-content\/uploads\/2023\/11\/Meander-Systems-logo.jpg\" src=\"data:image\/svg+xml;base64,PHN2ZyB3aWR0aD0iMSIgaGVpZ2h0PSIxIiB4bWxucz0iaHR0cDovL3d3dy53My5vcmcvMjAwMC9zdmciPjwvc3ZnPg==\" class=\"lazyload\" style=\"--smush-placeholder-width: 472px; --smush-placeholder-aspect-ratio: 472\/639;\" \/><\/div>\n                                                            <div class=\"brand\"><img decoding=\"async\" data-src=\"https:\/\/www.vidalco.nl\/wp-content\/uploads\/2024\/02\/1621423328149.jpg\" src=\"data:image\/svg+xml;base64,PHN2ZyB3aWR0aD0iMSIgaGVpZ2h0PSIxIiB4bWxucz0iaHR0cDovL3d3dy53My5vcmcvMjAwMC9zdmciPjwvc3ZnPg==\" class=\"lazyload\" style=\"--smush-placeholder-width: 800px; --smush-placeholder-aspect-ratio: 800\/340;\" \/><\/div>\n                                                            <div class=\"brand\"><img decoding=\"async\" data-src=\"https:\/\/www.vidalco.nl\/wp-content\/uploads\/2024\/02\/Mooi-Techniek.png\" src=\"data:image\/svg+xml;base64,PHN2ZyB3aWR0aD0iMSIgaGVpZ2h0PSIxIiB4bWxucz0iaHR0cDovL3d3dy53My5vcmcvMjAwMC9zdmciPjwvc3ZnPg==\" class=\"lazyload\" style=\"--smush-placeholder-width: 1920px; --smush-placeholder-aspect-ratio: 1920\/839;\" \/><\/div>\n                                                            <div class=\"brand\"><img decoding=\"async\" data-src=\"https:\/\/www.vidalco.nl\/wp-content\/uploads\/2024\/02\/nordic_energy_solutions_logo.jpg\" src=\"data:image\/svg+xml;base64,PHN2ZyB3aWR0aD0iMSIgaGVpZ2h0PSIxIiB4bWxucz0iaHR0cDovL3d3dy53My5vcmcvMjAwMC9zdmciPjwvc3ZnPg==\" class=\"lazyload\" style=\"--smush-placeholder-width: 200px; --smush-placeholder-aspect-ratio: 200\/200;\" \/><\/div>\n                                                            <div class=\"brand\"><img decoding=\"async\" data-src=\"https:\/\/www.vidalco.nl\/wp-content\/uploads\/2024\/03\/Naamloos-4.png\" src=\"data:image\/svg+xml;base64,PHN2ZyB3aWR0aD0iMSIgaGVpZ2h0PSIxIiB4bWxucz0iaHR0cDovL3d3dy53My5vcmcvMjAwMC9zdmciPjwvc3ZnPg==\" class=\"lazyload\" style=\"--smush-placeholder-width: 1920px; --smush-placeholder-aspect-ratio: 1920\/1920;\" \/><\/div>\n                                                            <div class=\"brand\"><img decoding=\"async\" data-src=\"https:\/\/www.vidalco.nl\/wp-content\/uploads\/2024\/03\/plegt_vos_logo1581780991_1581780994.png\" src=\"data:image\/svg+xml;base64,PHN2ZyB3aWR0aD0iMSIgaGVpZ2h0PSIxIiB4bWxucz0iaHR0cDovL3d3dy53My5vcmcvMjAwMC9zdmciPjwvc3ZnPg==\" class=\"lazyload\" style=\"--smush-placeholder-width: 507px; --smush-placeholder-aspect-ratio: 507\/200;\" \/><\/div>\n                                                            <div class=\"brand\"><img decoding=\"async\" data-src=\"https:\/\/www.vidalco.nl\/wp-content\/uploads\/2024\/03\/downloaden-2.png\" src=\"data:image\/svg+xml;base64,PHN2ZyB3aWR0aD0iMSIgaGVpZ2h0PSIxIiB4bWxucz0iaHR0cDovL3d3dy53My5vcmcvMjAwMC9zdmciPjwvc3ZnPg==\" class=\"lazyload\" style=\"--smush-placeholder-width: 225px; --smush-placeholder-aspect-ratio: 225\/225;\" \/><\/div>\n                                                            <div class=\"brand\"><img decoding=\"async\" data-src=\"https:\/\/www.vidalco.nl\/wp-content\/uploads\/2024\/03\/New_WWT_Logo_2016.jpg\" src=\"data:image\/svg+xml;base64,PHN2ZyB3aWR0aD0iMSIgaGVpZ2h0PSIxIiB4bWxucz0iaHR0cDovL3d3dy53My5vcmcvMjAwMC9zdmciPjwvc3ZnPg==\" class=\"lazyload\" style=\"--smush-placeholder-width: 1200px; --smush-placeholder-aspect-ratio: 1200\/627;\" \/><\/div>\n                                                            <div class=\"brand\"><img decoding=\"async\" data-src=\"https:\/\/www.vidalco.nl\/wp-content\/uploads\/2024\/03\/Aalbers.jpg\" src=\"data:image\/svg+xml;base64,PHN2ZyB3aWR0aD0iMSIgaGVpZ2h0PSIxIiB4bWxucz0iaHR0cDovL3d3dy53My5vcmcvMjAwMC9zdmciPjwvc3ZnPg==\" class=\"lazyload\" style=\"--smush-placeholder-width: 400px; --smush-placeholder-aspect-ratio: 400\/250;\" \/><\/div>\n                                                            <div class=\"brand\"><img decoding=\"async\" data-src=\"https:\/\/www.vidalco.nl\/wp-content\/uploads\/2024\/03\/Dura-Vermeer-768x432-1.jpg\" src=\"data:image\/svg+xml;base64,PHN2ZyB3aWR0aD0iMSIgaGVpZ2h0PSIxIiB4bWxucz0iaHR0cDovL3d3dy53My5vcmcvMjAwMC9zdmciPjwvc3ZnPg==\" class=\"lazyload\" style=\"--smush-placeholder-width: 768px; --smush-placeholder-aspect-ratio: 768\/432;\" \/><\/div>\n                                                            <div class=\"brand\"><img decoding=\"async\" data-src=\"https:\/\/www.vidalco.nl\/wp-content\/uploads\/2025\/06\/logo.png\" src=\"data:image\/svg+xml;base64,PHN2ZyB3aWR0aD0iMSIgaGVpZ2h0PSIxIiB4bWxucz0iaHR0cDovL3d3dy53My5vcmcvMjAwMC9zdmciPjwvc3ZnPg==\" class=\"lazyload\" style=\"--smush-placeholder-width: 369px; --smush-placeholder-aspect-ratio: 369\/120;\" \/><\/div>\n                                                            <div class=\"brand\"><img decoding=\"async\" data-src=\"https:\/\/www.vidalco.nl\/wp-content\/uploads\/2025\/06\/unnamed.png\" src=\"data:image\/svg+xml;base64,PHN2ZyB3aWR0aD0iMSIgaGVpZ2h0PSIxIiB4bWxucz0iaHR0cDovL3d3dy53My5vcmcvMjAwMC9zdmciPjwvc3ZnPg==\" class=\"lazyload\" style=\"--smush-placeholder-width: 600px; --smush-placeholder-aspect-ratio: 600\/300;\" \/><\/div>\n                                                    <\/div>\n                    <\/div>\n                            <\/div>\n        <\/div>\n    <\/div>\n<\/section>\n\n<section class=\"content-block tertiary-background\">\n    <div class=\"container\">\n        <div class=\"row align-items-center justify-content-center gy-5\">\n                            <div class=\"col-12 col-lg-6 position-relative order-1 order-lg-0\">\n                    <div class=\"image-wrapper\">\n                                                    <img decoding=\"async\" data-src=\"https:\/\/www.vidalco.nl\/wp-content\/uploads\/2023\/11\/underfloor-heating-installation-concept-mat-elecr-2021-08-26-16-57-05-utc-1.png\" alt=\"\" src=\"data:image\/svg+xml;base64,PHN2ZyB3aWR0aD0iMSIgaGVpZ2h0PSIxIiB4bWxucz0iaHR0cDovL3d3dy53My5vcmcvMjAwMC9zdmciPjwvc3ZnPg==\" class=\"lazyload\" style=\"--smush-placeholder-width: 560px; --smush-placeholder-aspect-ratio: 560\/760;\" \/>\n                                                            <div class=\"video-btn\" data-src=\"https:\/\/www.youtube.com\/embed\/V2CaEgib6Wk\" data-bs-toggle=\"modal\" data-bs-target=\"#modalAnleitung-zur-Fu\u00dfbodenheizung\"><svg xmlns=\"http:\/\/www.w3.org\/2000\/svg\" xmlns:xlink=\"http:\/\/www.w3.org\/1999\/xlink\" xmlns:sketch=\"http:\/\/www.bohemiancoding.com\/sketch\/ns\" width=\"22px\" height=\"22px\" viewBox=\"-3 0 28 28\" version=\"1.1\" class=\"play-shape\"><\/defs><g id=\"Page-1\" stroke=\"none\" stroke-width=\"1\" fill=\"none\" fill-rule=\"evenodd\" sketch:type=\"MSPage\"><g id=\"Icon-Set-Filled\" sketch:type=\"MSLayerGroup\" transform=\"translate(-419.000000, -571.000000)\" fill=\"#000000\"><path d=\"M440.415,583.554 L421.418,571.311 C420.291,570.704 419,570.767 419,572.946 L419,597.054 C419,599.046 420.385,599.36 421.418,598.689 L440.415,586.446 C441.197,585.647 441.197,584.353 440.415,583.554\" id=\"play\" sketch:type=\"MSShapeGroup\"><\/path><\/g><\/g><\/svg>\n                                    <div class=\"video-btn-circle video-btn-circle-1\"><\/div>\n                                    <div class=\"video-btn-circle video-btn-circle-2\"><\/div>\n                                    <div class=\"video-btn-circle video-btn-circle-3\"><\/div>\n                                <\/div>\n                                <div class=\"video-text-wrapper\">\n                                    <span class=\"video-title bold white\">Anleitung zur Fu\u00dfbodenheizung<\/span>\n                                    <br>\n                                    <span class=\"video-subtext white\">Vidalco<\/span>\n                                <\/div>\n                                <div class=\"image-gradient\"><\/div>\n                                                                        <\/div>\n                <\/div>\n                <div class=\"col-12 col-lg-6\">\n                    <div class=\"content-wrapper\">\n                        <p class=\"subtitle\">WIE ES FUNKTIONIERT<\/p>\n                        <h2>Unsere Module sind die Antwort auf zirkul\u00e4res, industrielles und modulares Bauen.<\/h2>\n                        <div class=\"text-wrapper\">\n                            \n\n<p>Die Produktion der Module erfolgt direkt aus einer digitalen Arbeitsumgebung, 3D in Autocad oder Revit, im gew\u00fcnschten Verlegemuster. Die Produktion erfolgt vollst\u00e4ndig automatisiert, wodurch die erforderliche Produktionszeit auf der Baustelle oder in der Werkstatt auf ein Minimum reduziert werden kann.<\/p>\n\n\n\n<p>Die Module werden auf einer Rolle geliefert und sind daher sehr effizient zu transportieren und zu verarbeiten.<br>Nach dem Ausrollen bleiben die Module flach, so dass wir bei den meisten Arten von Abschlussb\u00f6den nur eine minimale Befestigung am Untergrund vornehmen m\u00fcssen.<\/p>\n\n\n                        <\/div>\n                                            <\/div>\n                <\/div>\n                    <\/div>\n    <\/div>\n<\/section>\n\n<div class=\"modal fade\" id=\"modalAnleitung-zur-Fu\u00dfbodenheizung\" tabindex=\"-1\" aria-labelledby=\"myModalLabel\" style=\"display: none;\" aria-hidden=\"true\">\n    <div class=\"modal-dialog modal-dialog-centered modal-xl\" role=\"document\">\n        <div class=\"modal-content\">\n            <div class=\"modal-body mb-0 p-0\">\n                <div class=\"modal-close\" data-bs-dismiss=\"modal\" aria-label=\"Close\"><\/div>\n                <div class=\"ratio ratio-16x9\">\n                    <iframe class=\"embed-responsive-item lazyload\" data-src=\"https:\/\/www.youtube.com\/embed\/V2CaEgib6Wk\" id=\"video\" allowscriptaccess=\"always\" allow=\"autoplay\"  src=\"data:image\/svg+xml;base64,PHN2ZyB3aWR0aD0iMSIgaGVpZ2h0PSIxIiB4bWxucz0iaHR0cDovL3d3dy53My5vcmcvMjAwMC9zdmciPjwvc3ZnPg==\" data-load-mode=\"1\"><\/iframe>\n                <\/div>\n            <\/div>\n        <\/div>\n    <\/div>\n<\/div>\n","protected":false},"excerpt":{"rendered":"","protected":false},"author":1,"featured_media":0,"parent":0,"menu_order":0,"comment_status":"closed","ping_status":"closed","template":"","meta":{"_acf_changed":false,"footnotes":""},"class_list":["post-1825","page","type-page","status-publish","hentry"],"acf":[],"yoast_head":"<!-- This site is optimized with the Yoast SEO plugin v27.4 - https:\/\/yoast.com\/product\/yoast-seo-wordpress\/ -->\n<title>Vorgefertigte Module | Vidalco<\/title>\n<meta name=\"robots\" content=\"index, follow, max-snippet:-1, max-image-preview:large, max-video-preview:-1\" \/>\n<link rel=\"canonical\" href=\"https:\/\/www.vidalco.nl\/de\/vorgefertigte-module\/\" \/>\n<meta property=\"og:locale\" content=\"de_DE\" \/>\n<meta property=\"og:type\" content=\"article\" \/>\n<meta property=\"og:title\" content=\"Vorgefertigte Module | Vidalco\" \/>\n<meta property=\"og:url\" content=\"https:\/\/www.vidalco.nl\/de\/vorgefertigte-module\/\" \/>\n<meta property=\"og:site_name\" content=\"Vidalco\" \/>\n<meta property=\"article:modified_time\" content=\"2024-03-03T17:44:45+00:00\" \/>\n<meta name=\"twitter:card\" content=\"summary_large_image\" \/>\n<script type=\"application\/ld+json\" class=\"yoast-schema-graph\">{\"@context\":\"https:\\\/\\\/schema.org\",\"@graph\":[{\"@type\":\"WebPage\",\"@id\":\"https:\\\/\\\/www.vidalco.nl\\\/de\\\/vorgefertigte-module\\\/\",\"url\":\"https:\\\/\\\/www.vidalco.nl\\\/de\\\/vorgefertigte-module\\\/\",\"name\":\"Vorgefertigte Module | Vidalco\",\"isPartOf\":{\"@id\":\"https:\\\/\\\/www.vidalco.nl\\\/de\\\/#website\"},\"datePublished\":\"2023-12-15T12:09:59+00:00\",\"dateModified\":\"2024-03-03T17:44:45+00:00\",\"breadcrumb\":{\"@id\":\"https:\\\/\\\/www.vidalco.nl\\\/de\\\/vorgefertigte-module\\\/#breadcrumb\"},\"inLanguage\":\"de\",\"potentialAction\":[{\"@type\":\"ReadAction\",\"target\":[\"https:\\\/\\\/www.vidalco.nl\\\/de\\\/vorgefertigte-module\\\/\"]}]},{\"@type\":\"BreadcrumbList\",\"@id\":\"https:\\\/\\\/www.vidalco.nl\\\/de\\\/vorgefertigte-module\\\/#breadcrumb\",\"itemListElement\":[{\"@type\":\"ListItem\",\"position\":1,\"name\":\"Home\",\"item\":\"https:\\\/\\\/www.vidalco.nl\\\/de\\\/\"},{\"@type\":\"ListItem\",\"position\":2,\"name\":\"Vorgefertigte Module\"}]},{\"@type\":\"WebSite\",\"@id\":\"https:\\\/\\\/www.vidalco.nl\\\/de\\\/#website\",\"url\":\"https:\\\/\\\/www.vidalco.nl\\\/de\\\/\",\"name\":\"Vidalco\",\"description\":\"\",\"potentialAction\":[{\"@type\":\"SearchAction\",\"target\":{\"@type\":\"EntryPoint\",\"urlTemplate\":\"https:\\\/\\\/www.vidalco.nl\\\/de\\\/?s={search_term_string}\"},\"query-input\":{\"@type\":\"PropertyValueSpecification\",\"valueRequired\":true,\"valueName\":\"search_term_string\"}}],\"inLanguage\":\"de\"}]}<\/script>\n<!-- \/ Yoast SEO plugin. -->","yoast_head_json":{"title":"Vorgefertigte Module | Vidalco","robots":{"index":"index","follow":"follow","max-snippet":"max-snippet:-1","max-image-preview":"max-image-preview:large","max-video-preview":"max-video-preview:-1"},"canonical":"https:\/\/www.vidalco.nl\/de\/vorgefertigte-module\/","og_locale":"de_DE","og_type":"article","og_title":"Vorgefertigte Module | Vidalco","og_url":"https:\/\/www.vidalco.nl\/de\/vorgefertigte-module\/","og_site_name":"Vidalco","article_modified_time":"2024-03-03T17:44:45+00:00","twitter_card":"summary_large_image","schema":{"@context":"https:\/\/schema.org","@graph":[{"@type":"WebPage","@id":"https:\/\/www.vidalco.nl\/de\/vorgefertigte-module\/","url":"https:\/\/www.vidalco.nl\/de\/vorgefertigte-module\/","name":"Vorgefertigte Module | Vidalco","isPartOf":{"@id":"https:\/\/www.vidalco.nl\/de\/#website"},"datePublished":"2023-12-15T12:09:59+00:00","dateModified":"2024-03-03T17:44:45+00:00","breadcrumb":{"@id":"https:\/\/www.vidalco.nl\/de\/vorgefertigte-module\/#breadcrumb"},"inLanguage":"de","potentialAction":[{"@type":"ReadAction","target":["https:\/\/www.vidalco.nl\/de\/vorgefertigte-module\/"]}]},{"@type":"BreadcrumbList","@id":"https:\/\/www.vidalco.nl\/de\/vorgefertigte-module\/#breadcrumb","itemListElement":[{"@type":"ListItem","position":1,"name":"Home","item":"https:\/\/www.vidalco.nl\/de\/"},{"@type":"ListItem","position":2,"name":"Vorgefertigte Module"}]},{"@type":"WebSite","@id":"https:\/\/www.vidalco.nl\/de\/#website","url":"https:\/\/www.vidalco.nl\/de\/","name":"Vidalco","description":"","potentialAction":[{"@type":"SearchAction","target":{"@type":"EntryPoint","urlTemplate":"https:\/\/www.vidalco.nl\/de\/?s={search_term_string}"},"query-input":{"@type":"PropertyValueSpecification","valueRequired":true,"valueName":"search_term_string"}}],"inLanguage":"de"}]}},"_links":{"self":[{"href":"https:\/\/www.vidalco.nl\/de\/wp-json\/wp\/v2\/pages\/1825","targetHints":{"allow":["GET"]}}],"collection":[{"href":"https:\/\/www.vidalco.nl\/de\/wp-json\/wp\/v2\/pages"}],"about":[{"href":"https:\/\/www.vidalco.nl\/de\/wp-json\/wp\/v2\/types\/page"}],"author":[{"embeddable":true,"href":"https:\/\/www.vidalco.nl\/de\/wp-json\/wp\/v2\/users\/1"}],"replies":[{"embeddable":true,"href":"https:\/\/www.vidalco.nl\/de\/wp-json\/wp\/v2\/comments?post=1825"}],"version-history":[{"count":0,"href":"https:\/\/www.vidalco.nl\/de\/wp-json\/wp\/v2\/pages\/1825\/revisions"}],"wp:attachment":[{"href":"https:\/\/www.vidalco.nl\/de\/wp-json\/wp\/v2\/media?parent=1825"}],"curies":[{"name":"wp","href":"https:\/\/api.w.org\/{rel}","templated":true}]}}