{"id":1819,"date":"2023-12-15T12:04:13","date_gmt":"2023-12-15T12:04:13","guid":{"rendered":"https:\/\/www.vidalco.nl\/?page_id=1819"},"modified":"2024-03-03T15:52:39","modified_gmt":"2024-03-03T15:52:39","slug":"ueber-vidalco","status":"publish","type":"page","link":"https:\/\/www.vidalco.nl\/de\/ueber-vidalco\/","title":{"rendered":"\u00dcber Vidalco"},"content":{"rendered":"\n<section class=\"hero lazyload\" \n        style=\"background:inherit\" data-bg=\"url(&#039;https:\/\/www.vidalco.nl\/wp-content\/uploads\/2023\/11\/Vidalco-8-2.jpg&#039;) no-repeat center \/ cover\">\n    <div class=\"overlay-video\">\n            <\/div>\n    <div class=\"overlay\"><\/div>\n    <div class=\"container \">\n        <div class=\"row justify-content-start text-center position-relative \">\n            <div class=\"col-12\">\n                <p class=\"subtitle\">VIDALCO<\/p>\n                <h1 class=\"white\">\u00dcber uns<\/h1>\n                                            <\/div>\n        <\/div>\n    <\/div>\n<\/section>\n\n<section id=\"breadcrumbs\" class=\"tertiary-background\">\n\t<div class=\"container\">\n\t\t<div class=\"row\">\n\t\t\t<div class=\"col-12\">\n\t\t\t<span id=\"breadcrumbs-wrapper\"><span><span><a href=\"https:\/\/www.vidalco.nl\/de\/\">Home<\/a><\/span><\/span><\/span>\t\t\t<\/div>\n\t\t<\/div>\n\t<\/div>\n<\/section>\n<section class=\"content-block tertiary-background\">\n    <div class=\"container\">\n        <div class=\"row align-items-center justify-content-center gy-5\">\n                            <div class=\"col-12 col-lg-6 position-relative order-1 order-lg-0\">\n                    <div class=\"image-wrapper\">\n                                                    <img decoding=\"async\" data-src=\"https:\/\/www.vidalco.nl\/wp-content\/uploads\/2023\/11\/Vidalco-2-2.jpg\" alt=\"\" src=\"data:image\/svg+xml;base64,PHN2ZyB3aWR0aD0iMSIgaGVpZ2h0PSIxIiB4bWxucz0iaHR0cDovL3d3dy53My5vcmcvMjAwMC9zdmciPjwvc3ZnPg==\" class=\"lazyload\" style=\"--smush-placeholder-width: 1920px; --smush-placeholder-aspect-ratio: 1920\/1280;\" \/>\n                                                                        <\/div>\n                <\/div>\n                <div class=\"col-12 col-lg-6\">\n                    <div class=\"content-wrapper\">\n                        <p class=\"subtitle\">\u00dcBER VIDALCO<\/p>\n                        <h2>VIDALCO liefert nachhaltige Fu\u00dfbodenheizungs- und Fu\u00dfbodenk\u00fchlsysteme<\/h2>\n                        <div class=\"text-wrapper\">\n                            \n\n<p>VIDALCO Climate Floors ist der neue Standard f\u00fcr nachhaltiges Heizen und K\u00fchlen von B\u00f6den, W\u00e4nden, Decken und Betonkernaktivierung.<\/p>\n\n\n\n<p>Da VIDALCO \u00fcber eine eigene Engineering-Abteilung und Planungsexperten verf\u00fcgt, k\u00f6nnen wir bereits in einem fr\u00fchen Stadium gemeinsam mit Ihnen \u00fcber Ihr Projekt nachdenken. Unsere Produkte sind f\u00fcr alle Geb\u00e4udesysteme geeignet, wodurch wir verschiedene Formen der Zusammenarbeit haben. <\/p>\n\n\n\n<ul class=\"wp-block-list\">\n<li>Selbst entwickelter Roboter, der vollst\u00e4ndig digitale Designs lesen kann<\/li>\n\n\n\n<li>Insgesamt 8 weltweite Patente auf unseren Roboter und unser Produkt<\/li>\n\n\n\n<li>Eigene \u00d6kobilanz f\u00fcr unsere Fu\u00dfbodenheizungsmodule<\/li>\n\n\n\n<li>Internes Team von \u00fcber 40 Experten f\u00fcr Design und Implementierung<\/li>\n<\/ul>\n\n\n                        <\/div>\n                                            <\/div>\n                <\/div>\n                    <\/div>\n    <\/div>\n<\/section>\n\n","protected":false},"excerpt":{"rendered":"","protected":false},"author":1,"featured_media":0,"parent":0,"menu_order":0,"comment_status":"closed","ping_status":"closed","template":"","meta":{"_acf_changed":false,"footnotes":""},"class_list":["post-1819","page","type-page","status-publish","hentry"],"acf":[],"yoast_head":"<!-- This site is optimized with the Yoast SEO plugin v27.4 - https:\/\/yoast.com\/product\/yoast-seo-wordpress\/ -->\n<title>\u00dcber Vidalco | Vidalco<\/title>\n<meta name=\"robots\" content=\"index, follow, max-snippet:-1, max-image-preview:large, max-video-preview:-1\" \/>\n<link rel=\"canonical\" href=\"https:\/\/www.vidalco.nl\/de\/ueber-vidalco\/\" \/>\n<meta property=\"og:locale\" content=\"de_DE\" \/>\n<meta property=\"og:type\" content=\"article\" \/>\n<meta property=\"og:title\" content=\"\u00dcber Vidalco | Vidalco\" \/>\n<meta property=\"og:url\" content=\"https:\/\/www.vidalco.nl\/de\/ueber-vidalco\/\" \/>\n<meta property=\"og:site_name\" content=\"Vidalco\" \/>\n<meta property=\"article:modified_time\" content=\"2024-03-03T15:52:39+00:00\" \/>\n<meta name=\"twitter:card\" content=\"summary_large_image\" \/>\n<meta name=\"twitter:label1\" content=\"Gesch\u00e4tzte Lesezeit\" \/>\n\t<meta name=\"twitter:data1\" content=\"1\u00a0Minute\" \/>\n<script type=\"application\/ld+json\" class=\"yoast-schema-graph\">{\"@context\":\"https:\\\/\\\/schema.org\",\"@graph\":[{\"@type\":\"WebPage\",\"@id\":\"https:\\\/\\\/www.vidalco.nl\\\/de\\\/ueber-vidalco\\\/\",\"url\":\"https:\\\/\\\/www.vidalco.nl\\\/de\\\/ueber-vidalco\\\/\",\"name\":\"\u00dcber Vidalco | Vidalco\",\"isPartOf\":{\"@id\":\"https:\\\/\\\/www.vidalco.nl\\\/de\\\/#website\"},\"datePublished\":\"2023-12-15T12:04:13+00:00\",\"dateModified\":\"2024-03-03T15:52:39+00:00\",\"breadcrumb\":{\"@id\":\"https:\\\/\\\/www.vidalco.nl\\\/de\\\/ueber-vidalco\\\/#breadcrumb\"},\"inLanguage\":\"de\",\"potentialAction\":[{\"@type\":\"ReadAction\",\"target\":[\"https:\\\/\\\/www.vidalco.nl\\\/de\\\/ueber-vidalco\\\/\"]}]},{\"@type\":\"BreadcrumbList\",\"@id\":\"https:\\\/\\\/www.vidalco.nl\\\/de\\\/ueber-vidalco\\\/#breadcrumb\",\"itemListElement\":[{\"@type\":\"ListItem\",\"position\":1,\"name\":\"Home\",\"item\":\"https:\\\/\\\/www.vidalco.nl\\\/de\\\/\"},{\"@type\":\"ListItem\",\"position\":2,\"name\":\"\u00dcber Vidalco\"}]},{\"@type\":\"WebSite\",\"@id\":\"https:\\\/\\\/www.vidalco.nl\\\/de\\\/#website\",\"url\":\"https:\\\/\\\/www.vidalco.nl\\\/de\\\/\",\"name\":\"Vidalco\",\"description\":\"\",\"potentialAction\":[{\"@type\":\"SearchAction\",\"target\":{\"@type\":\"EntryPoint\",\"urlTemplate\":\"https:\\\/\\\/www.vidalco.nl\\\/de\\\/?s={search_term_string}\"},\"query-input\":{\"@type\":\"PropertyValueSpecification\",\"valueRequired\":true,\"valueName\":\"search_term_string\"}}],\"inLanguage\":\"de\"}]}<\/script>\n<!-- \/ Yoast SEO plugin. -->","yoast_head_json":{"title":"\u00dcber Vidalco | Vidalco","robots":{"index":"index","follow":"follow","max-snippet":"max-snippet:-1","max-image-preview":"max-image-preview:large","max-video-preview":"max-video-preview:-1"},"canonical":"https:\/\/www.vidalco.nl\/de\/ueber-vidalco\/","og_locale":"de_DE","og_type":"article","og_title":"\u00dcber Vidalco | Vidalco","og_url":"https:\/\/www.vidalco.nl\/de\/ueber-vidalco\/","og_site_name":"Vidalco","article_modified_time":"2024-03-03T15:52:39+00:00","twitter_card":"summary_large_image","twitter_misc":{"Gesch\u00e4tzte Lesezeit":"1\u00a0Minute"},"schema":{"@context":"https:\/\/schema.org","@graph":[{"@type":"WebPage","@id":"https:\/\/www.vidalco.nl\/de\/ueber-vidalco\/","url":"https:\/\/www.vidalco.nl\/de\/ueber-vidalco\/","name":"\u00dcber Vidalco | Vidalco","isPartOf":{"@id":"https:\/\/www.vidalco.nl\/de\/#website"},"datePublished":"2023-12-15T12:04:13+00:00","dateModified":"2024-03-03T15:52:39+00:00","breadcrumb":{"@id":"https:\/\/www.vidalco.nl\/de\/ueber-vidalco\/#breadcrumb"},"inLanguage":"de","potentialAction":[{"@type":"ReadAction","target":["https:\/\/www.vidalco.nl\/de\/ueber-vidalco\/"]}]},{"@type":"BreadcrumbList","@id":"https:\/\/www.vidalco.nl\/de\/ueber-vidalco\/#breadcrumb","itemListElement":[{"@type":"ListItem","position":1,"name":"Home","item":"https:\/\/www.vidalco.nl\/de\/"},{"@type":"ListItem","position":2,"name":"\u00dcber Vidalco"}]},{"@type":"WebSite","@id":"https:\/\/www.vidalco.nl\/de\/#website","url":"https:\/\/www.vidalco.nl\/de\/","name":"Vidalco","description":"","potentialAction":[{"@type":"SearchAction","target":{"@type":"EntryPoint","urlTemplate":"https:\/\/www.vidalco.nl\/de\/?s={search_term_string}"},"query-input":{"@type":"PropertyValueSpecification","valueRequired":true,"valueName":"search_term_string"}}],"inLanguage":"de"}]}},"_links":{"self":[{"href":"https:\/\/www.vidalco.nl\/de\/wp-json\/wp\/v2\/pages\/1819","targetHints":{"allow":["GET"]}}],"collection":[{"href":"https:\/\/www.vidalco.nl\/de\/wp-json\/wp\/v2\/pages"}],"about":[{"href":"https:\/\/www.vidalco.nl\/de\/wp-json\/wp\/v2\/types\/page"}],"author":[{"embeddable":true,"href":"https:\/\/www.vidalco.nl\/de\/wp-json\/wp\/v2\/users\/1"}],"replies":[{"embeddable":true,"href":"https:\/\/www.vidalco.nl\/de\/wp-json\/wp\/v2\/comments?post=1819"}],"version-history":[{"count":0,"href":"https:\/\/www.vidalco.nl\/de\/wp-json\/wp\/v2\/pages\/1819\/revisions"}],"wp:attachment":[{"href":"https:\/\/www.vidalco.nl\/de\/wp-json\/wp\/v2\/media?parent=1819"}],"curies":[{"name":"wp","href":"https:\/\/api.w.org\/{rel}","templated":true}]}}